{"id":1525,"date":"2024-04-10T18:56:18","date_gmt":"2024-04-10T18:56:18","guid":{"rendered":"https:\/\/colombianartesanies.com\/?page_id=1525"},"modified":"2024-04-10T19:02:30","modified_gmt":"2024-04-10T19:02:30","slug":"refund-policy","status":"publish","type":"page","link":"https:\/\/colombianartesanies.com\/es\/refund-policy\/","title":{"rendered":"Pol\u00edtica de devoluciones"},"content":{"rendered":"<p class=\"entry-title\" style=\"text-align: center;\"><strong>Pol\u00edtica de devoluciones<\/strong><\/p>\n<p><strong>DEVOLUCIONES<\/strong><\/p>\n<p>Solicitamos amablemente que las devoluciones se env\u00eden de vuelta dentro de los 30 d\u00edas a partir de la fecha de env\u00edo original. Para calificar para una devoluci\u00f3n, el art\u00edculo debe estar en su condici\u00f3n original al momento de recibirlo.<\/p>\n<p>\u00a1Gracias por tomarte el tiempo de revisar esta informaci\u00f3n! No olvides suscribirte para recibir actualizaciones futuras.<\/p>\n<p><strong>REEMBOLSOS<\/strong><\/p>\n<p>Para tu conveniencia, podemos proporcionar una etiqueta de devoluci\u00f3n por una tarifa de $35 USD, que ser\u00e1 deducida de tu reembolso.<\/p>\n<p>Si decides organizar tu propio env\u00edo, ten en cuenta que los costos de env\u00edo no son reembolsables. Adem\u00e1s, si tu paquete incurre en impuestos aduaneros al ser devuelto con tu m\u00e9todo de env\u00edo elegido, estos gastos tambi\u00e9n se deducir\u00e1n de tu reembolso.<\/p>\n<p>Una vez que recibamos tu art\u00edculo devuelto, te notificaremos de inmediato sobre su llegada y te informaremos si tu reembolso ha sido aprobado o rechazado.<\/p>\n<p>Una vez aprobado, tu reembolso ser\u00e1 procesado y el cr\u00e9dito se aplicar\u00e1 autom\u00e1ticamente a tu m\u00e9todo de pago original en un plazo de 5 a 10 d\u00edas h\u00e1biles.<\/p>\n<p>En los casos en que un paquete no pueda ser entregado debido a rechazo, falta de pago de tarifas aduaneras o direcciones incorrectas que resulten en tarifas aduaneras, todos los costos de env\u00edo incurridos\u2014incluidos el env\u00edo de devoluci\u00f3n y cualquier tarifa adicional de FedEx\u2014se deducir\u00e1n de tu reembolso.<\/p>\n<p><strong>CAMBIOS<\/strong><\/p>\n<p>Solo ofrecemos reemplazos para art\u00edculos defectuosos. Si necesitas un intercambio, por favor cont\u00e1ctanos por correo electr\u00f3nico a <a target=\"_new\" rel=\"noopener\">info@colombianartesanies.com<\/a>.<\/p>\n<p><strong>ENVIOS<\/strong><\/p>\n<p>Nuestros productos se env\u00edan normalmente dentro de 1 a 3 d\u00edas h\u00e1biles utilizando FedEx. Todos los pedidos incluyen informaci\u00f3n de seguimiento accesible a trav\u00e9s de la plataforma del courier. Para iniciar una devoluci\u00f3n, por favor cont\u00e1ctanos en <a target=\"_new\" rel=\"noopener\">info@colombianartesanies.com<\/a> for detailed instructions.<\/p>\n<p>Los tiempos de entrega para productos intercambiados pueden variar seg\u00fan tu ubicaci\u00f3n. Te recomendamos utilizar un servicio de env\u00edo con seguimiento o comprar un seguro de env\u00edo, ya que no podemos garantizar la recepci\u00f3n de los art\u00edculos devueltos.<\/p>","protected":false},"excerpt":{"rendered":"<p>Refund Policy RETURNS We kindly request that returns are sent back to us within 30 days from the original shipping date. To qualify for a return, your item must be in its original condition upon receipt. Thank you for taking the time to review this information. Don&#8217;t forget to subscribe for future updates! REFUNDS For [&hellip;]<\/p>\n","protected":false},"author":1,"featured_media":0,"parent":0,"menu_order":0,"comment_status":"closed","ping_status":"closed","template":"","meta":{"_uag_custom_page_level_css":"","site-sidebar-layout":"default","site-content-layout":"","ast-site-content-layout":"default","site-content-style":"default","site-sidebar-style":"default","ast-global-header-display":"","ast-banner-title-visibility":"","ast-main-header-display":"","ast-hfb-above-header-display":"","ast-hfb-below-header-display":"","ast-hfb-mobile-header-display":"","site-post-title":"disabled","ast-breadcrumbs-content":"","ast-featured-img":"","footer-sml-layout":"","ast-disable-related-posts":"","theme-transparent-header-meta":"default","adv-header-id-meta":"","stick-header-meta":"","header-above-stick-meta":"","header-main-stick-meta":"","header-below-stick-meta":"","astra-migrate-meta-layouts":"set","ast-page-background-enabled":"default","ast-page-background-meta":{"desktop":{"background-color":"var(--ast-global-color-5)","background-image":"","background-repeat":"repeat","background-position":"center center","background-size":"auto","background-attachment":"scroll","background-type":"","background-media":"","overlay-type":"","overlay-color":"","overlay-opacity":"","overlay-gradient":""},"tablet":{"background-color":"","background-image":"","background-repeat":"repeat","background-position":"center center","background-size":"auto","background-attachment":"scroll","background-type":"","background-media":"","overlay-type":"","overlay-color":"","overlay-opacity":"","overlay-gradient":""},"mobile":{"background-color":"","background-image":"","background-repeat":"repeat","background-position":"center center","background-size":"auto","background-attachment":"scroll","background-type":"","background-media":"","overlay-type":"","overlay-color":"","overlay-opacity":"","overlay-gradient":""}},"ast-content-background-meta":{"desktop":{"background-color":"var(--ast-global-color-4)","background-image":"","background-repeat":"repeat","background-position":"center center","background-size":"auto","background-attachment":"scroll","background-type":"","background-media":"","overlay-type":"","overlay-color":"","overlay-opacity":"","overlay-gradient":""},"tablet":{"background-color":"var(--ast-global-color-4)","background-image":"","background-repeat":"repeat","background-position":"center center","background-size":"auto","background-attachment":"scroll","background-type":"","background-media":"","overlay-type":"","overlay-color":"","overlay-opacity":"","overlay-gradient":""},"mobile":{"background-color":"var(--ast-global-color-4)","background-image":"","background-repeat":"repeat","background-position":"center center","background-size":"auto","background-attachment":"scroll","background-type":"","background-media":"","overlay-type":"","overlay-color":"","overlay-opacity":"","overlay-gradient":""}},"footnotes":""},"class_list":["post-1525","page","type-page","status-publish","hentry"],"yoast_head":"<!-- This site is optimized with the Yoast SEO plugin v23.2 - https:\/\/yoast.com\/wordpress\/plugins\/seo\/ -->\n<title>Refund Policy - Colombian Artesanies<\/title>\n<meta name=\"robots\" content=\"index, follow, max-snippet:-1, max-image-preview:large, max-video-preview:-1\" \/>\n<link rel=\"canonical\" href=\"https:\/\/colombianartesanies.com\/es\/refund-policy\/\" \/>\n<meta property=\"og:locale\" content=\"es_ES\" \/>\n<meta property=\"og:type\" content=\"article\" \/>\n<meta property=\"og:title\" content=\"Refund Policy - Colombian Artesanies\" \/>\n<meta property=\"og:description\" content=\"Refund Policy RETURNS We kindly request that returns are sent back to us within 30 days from the original shipping date. To qualify for a return, your item must be in its original condition upon receipt. Thank you for taking the time to review this information. Don&#8217;t forget to subscribe for future updates! REFUNDS For [&hellip;]\" \/>\n<meta property=\"og:url\" content=\"https:\/\/colombianartesanies.com\/es\/refund-policy\/\" \/>\n<meta property=\"og:site_name\" content=\"Colombian Artesanies\" \/>\n<meta property=\"article:publisher\" content=\"https:\/\/www.facebook.com\/colombian.artesanies\" \/>\n<meta property=\"article:modified_time\" content=\"2024-04-10T19:02:30+00:00\" \/>\n<meta name=\"twitter:card\" content=\"summary_large_image\" \/>\n<meta name=\"twitter:label1\" content=\"Tiempo de lectura\" \/>\n\t<meta name=\"twitter:data1\" content=\"2 minutos\" \/>\n<script type=\"application\/ld+json\" class=\"yoast-schema-graph\">{\"@context\":\"https:\/\/schema.org\",\"@graph\":[{\"@type\":\"WebPage\",\"@id\":\"https:\/\/colombianartesanies.com\/refund-policy\/\",\"url\":\"https:\/\/colombianartesanies.com\/refund-policy\/\",\"name\":\"Refund Policy - Colombian Artesanies\",\"isPartOf\":{\"@id\":\"https:\/\/colombianartesanies.com\/#website\"},\"datePublished\":\"2024-04-10T18:56:18+00:00\",\"dateModified\":\"2024-04-10T19:02:30+00:00\",\"breadcrumb\":{\"@id\":\"https:\/\/colombianartesanies.com\/refund-policy\/#breadcrumb\"},\"inLanguage\":\"es\",\"potentialAction\":[{\"@type\":\"ReadAction\",\"target\":[\"https:\/\/colombianartesanies.com\/refund-policy\/\"]}]},{\"@type\":\"BreadcrumbList\",\"@id\":\"https:\/\/colombianartesanies.com\/refund-policy\/#breadcrumb\",\"itemListElement\":[{\"@type\":\"ListItem\",\"position\":1,\"name\":\"Home\",\"item\":\"https:\/\/colombianartesanies.com\/\"},{\"@type\":\"ListItem\",\"position\":2,\"name\":\"Refund Policy\"}]},{\"@type\":\"WebSite\",\"@id\":\"https:\/\/colombianartesanies.com\/#website\",\"url\":\"https:\/\/colombianartesanies.com\/\",\"name\":\"Colombian Artesanies\",\"description\":\"Plant Shop Website\",\"publisher\":{\"@id\":\"https:\/\/colombianartesanies.com\/#organization\"},\"potentialAction\":[{\"@type\":\"SearchAction\",\"target\":{\"@type\":\"EntryPoint\",\"urlTemplate\":\"https:\/\/colombianartesanies.com\/?s={search_term_string}\"},\"query-input\":\"required name=search_term_string\"}],\"inLanguage\":\"es\"},{\"@type\":\"Organization\",\"@id\":\"https:\/\/colombianartesanies.com\/#organization\",\"name\":\"Colombian Artesanies\",\"url\":\"https:\/\/colombianartesanies.com\/\",\"logo\":{\"@type\":\"ImageObject\",\"inLanguage\":\"es\",\"@id\":\"https:\/\/colombianartesanies.com\/#\/schema\/logo\/image\/\",\"url\":\"https:\/\/colombianartesanies.com\/wp-content\/uploads\/2024\/04\/logonegro.png\",\"contentUrl\":\"https:\/\/colombianartesanies.com\/wp-content\/uploads\/2024\/04\/logonegro.png\",\"width\":170,\"height\":45,\"caption\":\"Colombian Artesanies\"},\"image\":{\"@id\":\"https:\/\/colombianartesanies.com\/#\/schema\/logo\/image\/\"},\"sameAs\":[\"https:\/\/www.facebook.com\/colombian.artesanies\"]}]}<\/script>\n<!-- \/ Yoast SEO plugin. -->","yoast_head_json":{"title":"Refund Policy - Colombian Artesanies","robots":{"index":"index","follow":"follow","max-snippet":"max-snippet:-1","max-image-preview":"max-image-preview:large","max-video-preview":"max-video-preview:-1"},"canonical":"https:\/\/colombianartesanies.com\/es\/refund-policy\/","og_locale":"es_ES","og_type":"article","og_title":"Refund Policy - Colombian Artesanies","og_description":"Refund Policy RETURNS We kindly request that returns are sent back to us within 30 days from the original shipping date. To qualify for a return, your item must be in its original condition upon receipt. Thank you for taking the time to review this information. Don&#8217;t forget to subscribe for future updates! REFUNDS For [&hellip;]","og_url":"https:\/\/colombianartesanies.com\/es\/refund-policy\/","og_site_name":"Colombian Artesanies","article_publisher":"https:\/\/www.facebook.com\/colombian.artesanies","article_modified_time":"2024-04-10T19:02:30+00:00","twitter_card":"summary_large_image","twitter_misc":{"Tiempo de lectura":"2 minutos"},"schema":{"@context":"https:\/\/schema.org","@graph":[{"@type":"WebPage","@id":"https:\/\/colombianartesanies.com\/refund-policy\/","url":"https:\/\/colombianartesanies.com\/refund-policy\/","name":"Refund Policy - Colombian Artesanies","isPartOf":{"@id":"https:\/\/colombianartesanies.com\/#website"},"datePublished":"2024-04-10T18:56:18+00:00","dateModified":"2024-04-10T19:02:30+00:00","breadcrumb":{"@id":"https:\/\/colombianartesanies.com\/refund-policy\/#breadcrumb"},"inLanguage":"es","potentialAction":[{"@type":"ReadAction","target":["https:\/\/colombianartesanies.com\/refund-policy\/"]}]},{"@type":"BreadcrumbList","@id":"https:\/\/colombianartesanies.com\/refund-policy\/#breadcrumb","itemListElement":[{"@type":"ListItem","position":1,"name":"Home","item":"https:\/\/colombianartesanies.com\/"},{"@type":"ListItem","position":2,"name":"Refund Policy"}]},{"@type":"WebSite","@id":"https:\/\/colombianartesanies.com\/#website","url":"https:\/\/colombianartesanies.com\/","name":"Colombian Artesanies","description":"Plant Shop Website","publisher":{"@id":"https:\/\/colombianartesanies.com\/#organization"},"potentialAction":[{"@type":"SearchAction","target":{"@type":"EntryPoint","urlTemplate":"https:\/\/colombianartesanies.com\/?s={search_term_string}"},"query-input":"required name=search_term_string"}],"inLanguage":"es"},{"@type":"Organization","@id":"https:\/\/colombianartesanies.com\/#organization","name":"Colombian Artesanies","url":"https:\/\/colombianartesanies.com\/","logo":{"@type":"ImageObject","inLanguage":"es","@id":"https:\/\/colombianartesanies.com\/#\/schema\/logo\/image\/","url":"https:\/\/colombianartesanies.com\/wp-content\/uploads\/2024\/04\/logonegro.png","contentUrl":"https:\/\/colombianartesanies.com\/wp-content\/uploads\/2024\/04\/logonegro.png","width":170,"height":45,"caption":"Colombian Artesanies"},"image":{"@id":"https:\/\/colombianartesanies.com\/#\/schema\/logo\/image\/"},"sameAs":["https:\/\/www.facebook.com\/colombian.artesanies"]}]}},"jetpack_sharing_enabled":true,"uagb_featured_image_src":{"full":false,"thumbnail":false,"medium":false,"medium_large":false,"large":false,"1536x1536":false,"2048x2048":false,"trp-custom-language-flag":false,"mailpoet_newsletter_max":false,"woocommerce_thumbnail":false,"woocommerce_single":false,"woocommerce_gallery_thumbnail":false},"uagb_author_info":{"display_name":"colartesanies","author_link":"https:\/\/colombianartesanies.com\/es\/author\/colartesanies\/"},"uagb_comment_info":0,"uagb_excerpt":"Refund Policy RETURNS We kindly request that returns are sent back to us within 30 days from the original shipping date. To qualify for a return, your item must be in its original condition upon receipt. Thank you for taking the time to review this information. Don&#8217;t forget to subscribe for future updates! REFUNDS For&hellip;","_links":{"self":[{"href":"https:\/\/colombianartesanies.com\/es\/wp-json\/wp\/v2\/pages\/1525","targetHints":{"allow":["GET"]}}],"collection":[{"href":"https:\/\/colombianartesanies.com\/es\/wp-json\/wp\/v2\/pages"}],"about":[{"href":"https:\/\/colombianartesanies.com\/es\/wp-json\/wp\/v2\/types\/page"}],"author":[{"embeddable":true,"href":"https:\/\/colombianartesanies.com\/es\/wp-json\/wp\/v2\/users\/1"}],"replies":[{"embeddable":true,"href":"https:\/\/colombianartesanies.com\/es\/wp-json\/wp\/v2\/comments?post=1525"}],"version-history":[{"count":0,"href":"https:\/\/colombianartesanies.com\/es\/wp-json\/wp\/v2\/pages\/1525\/revisions"}],"wp:attachment":[{"href":"https:\/\/colombianartesanies.com\/es\/wp-json\/wp\/v2\/media?parent=1525"}],"curies":[{"name":"wp","href":"https:\/\/api.w.org\/{rel}","templated":true}]}}