{"id":2299,"date":"2025-01-11T21:40:11","date_gmt":"2025-01-11T21:40:11","guid":{"rendered":"https:\/\/colombianartesanies.com\/?page_id=2299"},"modified":"2025-01-11T21:51:40","modified_gmt":"2025-01-11T21:51:40","slug":"wayuu-bags-with-purpose","status":"publish","type":"page","link":"https:\/\/colombianartesanies.com\/es\/wayuu-bags-with-purpose\/","title":{"rendered":"Wayuu bags with purpose"},"content":{"rendered":"<div data-elementor-type=\"wp-page\" data-elementor-id=\"2299\" class=\"elementor elementor-2299\">\n\t\t\t\t<div class=\"elementor-element elementor-element-42b8257 e-con-full e-flex e-con e-parent\" data-id=\"42b8257\" data-element_type=\"container\" data-e-type=\"container\" data-settings=\"{&quot;background_background&quot;:&quot;classic&quot;}\">\n\t\t\t\t<div class=\"elementor-element elementor-element-25796a2 elementor-widget elementor-widget-heading\" data-id=\"25796a2\" data-element_type=\"widget\" data-e-type=\"widget\" data-widget_type=\"heading.default\">\n\t\t\t\t<div class=\"elementor-widget-container\">\n\t\t\t\t\t<h2 class=\"elementor-heading-title elementor-size-default\">Wayuu Bags: Handcrafted Crochet <br>Art with a Purpose<\/h2>\t\t\t\t<\/div>\n\t\t\t\t<\/div>\n\t\t\t\t<div class=\"elementor-element elementor-element-9c057c3 elementor-widget__width-initial elementor-widget-mobile__width-initial elementor-widget elementor-widget-text-editor\" data-id=\"9c057c3\" data-element_type=\"widget\" data-e-type=\"widget\" data-widget_type=\"text-editor.default\">\n\t\t\t\t<div class=\"elementor-widget-container\">\n\t\t\t\t\t\t\t\t\t<p>The Wayuu people of Colombia craft handmade mochilas (Wayuu bags) using traditional techniques, preserving their cultural heritage while generating resources to support the education and well-being of their children.<\/p>\t\t\t\t\t\t\t\t<\/div>\n\t\t\t\t<\/div>\n\t\t\t\t<\/div>\n\t\t<div class=\"elementor-element elementor-element-0e464ea e-flex e-con-boxed e-con e-parent\" data-id=\"0e464ea\" data-element_type=\"container\" data-e-type=\"container\">\n\t\t\t\t\t<div class=\"e-con-inner\">\n\t\t\t\t<div class=\"elementor-element elementor-element-6e2c02b elementor-widget elementor-widget-heading\" data-id=\"6e2c02b\" data-element_type=\"widget\" data-e-type=\"widget\" data-widget_type=\"heading.default\">\n\t\t\t\t<div class=\"elementor-widget-container\">\n\t\t\t\t\t<h2 class=\"elementor-heading-title elementor-size-default\">How Colombian Tradition Is Woven Into Wayuu Bags<\/h2>\t\t\t\t<\/div>\n\t\t\t\t<\/div>\n\t\t\t\t\t<\/div>\n\t\t\t\t<\/div>\n\t\t<div class=\"elementor-element elementor-element-056e294 e-flex e-con-boxed e-con e-parent\" data-id=\"056e294\" data-element_type=\"container\" data-e-type=\"container\">\n\t\t\t\t\t<div class=\"e-con-inner\">\n\t\t\t\t<div class=\"elementor-element elementor-element-c975dd8 elementor-widget elementor-widget-text-editor\" data-id=\"c975dd8\" data-element_type=\"widget\" data-e-type=\"widget\" data-widget_type=\"text-editor.default\">\n\t\t\t\t<div class=\"elementor-widget-container\">\n\t\t\t\t\t\t\t\t\t<p>Colombia is a country rich in traditions, a multicultural nation that showcases the diversity of its region through vibrant colors and ideas reflected in its handicrafts. Among the most famous handcrafted items are the Wayuu bags, created by the Wayuu people. These bags are woven with unique materials and designs, making each one distinct.<\/p>\t\t\t\t\t\t\t\t<\/div>\n\t\t\t\t<\/div>\n\t\t\t\t\t<\/div>\n\t\t\t\t<\/div>\n\t\t<div class=\"elementor-element elementor-element-597c331 e-flex e-con-boxed e-con e-parent\" data-id=\"597c331\" data-element_type=\"container\" data-e-type=\"container\">\n\t\t\t\t\t<div class=\"e-con-inner\">\n\t\t<div class=\"elementor-element elementor-element-7e6130b e-con-full e-flex e-con e-child\" data-id=\"7e6130b\" data-element_type=\"container\" data-e-type=\"container\">\n\t\t\t\t<div class=\"elementor-element elementor-element-d167e89 elementor-widget elementor-widget-image\" data-id=\"d167e89\" data-element_type=\"widget\" data-e-type=\"widget\" data-widget_type=\"image.default\">\n\t\t\t\t<div class=\"elementor-widget-container\">\n\t\t\t\t\t\t\t\t\t\t\t\t\t\t\t<img fetchpriority=\"high\" decoding=\"async\" width=\"1024\" height=\"768\" src=\"https:\/\/colombianartesanies.com\/wp-content\/uploads\/2025\/01\/DSCF0049-1024x768.jpg\" class=\"attachment-large size-large wp-image-2316\" alt=\"\" srcset=\"https:\/\/colombianartesanies.com\/wp-content\/uploads\/2025\/01\/DSCF0049-1024x768.jpg 1024w, https:\/\/colombianartesanies.com\/wp-content\/uploads\/2025\/01\/DSCF0049-300x225.jpg 300w, https:\/\/colombianartesanies.com\/wp-content\/uploads\/2025\/01\/DSCF0049-768x576.jpg 768w, https:\/\/colombianartesanies.com\/wp-content\/uploads\/2025\/01\/DSCF0049-1536x1152.jpg 1536w, https:\/\/colombianartesanies.com\/wp-content\/uploads\/2025\/01\/DSCF0049-2048x1536.jpg 2048w, https:\/\/colombianartesanies.com\/wp-content\/uploads\/2025\/01\/DSCF0049-16x12.jpg 16w, https:\/\/colombianartesanies.com\/wp-content\/uploads\/2025\/01\/DSCF0049-1320x990.jpg 1320w, https:\/\/colombianartesanies.com\/wp-content\/uploads\/2025\/01\/DSCF0049-600x450.jpg 600w\" sizes=\"(max-width: 1024px) 100vw, 1024px\" \/>\t\t\t\t\t\t\t\t\t\t\t\t\t\t\t<\/div>\n\t\t\t\t<\/div>\n\t\t\t\t<\/div>\n\t\t<div class=\"elementor-element elementor-element-2ef4e61 e-con-full e-flex e-con e-child\" data-id=\"2ef4e61\" data-element_type=\"container\" data-e-type=\"container\">\n\t\t\t\t<div class=\"elementor-element elementor-element-6952b6d elementor-widget elementor-widget-text-editor\" data-id=\"6952b6d\" data-element_type=\"widget\" data-e-type=\"widget\" data-widget_type=\"text-editor.default\">\n\t\t\t\t<div class=\"elementor-widget-container\">\n\t\t\t\t\t\t\t\t\t<p>The name &#8220;Wayuu&#8221; means &#8220;People of Sand, Sun, and Wind&#8221; in the Wayuunaiki language, which is part of the Arawakan language family. This language is a key element of the Wayuu people&#8217;s ethnic and cultural identity. The Wayuu women, known for their resilience and craftsmanship, have long fought for their rights, creating art that is deeply rooted in their history and spirit. As Ana Delia Fern\u00e1ndez Sijuana, a member of the Wayuu people, says, &#8220;There is no artistic creation of our own, as an indigenous people, that we have not conceived from the depths of our being and feeling as part of a millennia-old people.&#8221;<\/p>\t\t\t\t\t\t\t\t<\/div>\n\t\t\t\t<\/div>\n\t\t\t\t<\/div>\n\t\t\t\t\t<\/div>\n\t\t\t\t<\/div>\n\t\t<div class=\"elementor-element elementor-element-440dc08 e-flex e-con-boxed e-con e-parent\" data-id=\"440dc08\" data-element_type=\"container\" data-e-type=\"container\">\n\t\t\t\t\t<div class=\"e-con-inner\">\n\t\t\t\t<div class=\"elementor-element elementor-element-da4d5e2 elementor-widget elementor-widget-heading\" data-id=\"da4d5e2\" data-element_type=\"widget\" data-e-type=\"widget\" data-widget_type=\"heading.default\">\n\t\t\t\t<div class=\"elementor-widget-container\">\n\t\t\t\t\t<h2 class=\"elementor-heading-title elementor-size-default\">The tale behind Wayuu bags <\/h2>\t\t\t\t<\/div>\n\t\t\t\t<\/div>\n\t\t\t\t\t<\/div>\n\t\t\t\t<\/div>\n\t\t<div class=\"elementor-element elementor-element-bf07564 e-flex e-con-boxed e-con e-parent\" data-id=\"bf07564\" data-element_type=\"container\" data-e-type=\"container\">\n\t\t\t\t\t<div class=\"e-con-inner\">\n\t\t\t\t<div class=\"elementor-element elementor-element-465f8ae elementor-widget elementor-widget-text-editor\" data-id=\"465f8ae\" data-element_type=\"widget\" data-e-type=\"widget\" data-widget_type=\"text-editor.default\">\n\t\t\t\t<div class=\"elementor-widget-container\">\n\t\t\t\t\t\t\t\t\t<p>The Wayuu people believe they learned the art of weaving from a mythical spider named Wale\u2019ker\u00fc. According to legend, this spider wove magical pieces using threads from her mouth, creating beautiful sashes and bags under the moonlight. One night, a young girl, captivated by the spider\u2019s skill, approached to admire her work. Touched by the girl\u2019s curiosity, Wale\u2019ker\u00fc offered to teach her the sacred craft of weaving, passing down the timeless art that would become central to Wayuu culture.<\/p>\t\t\t\t\t\t\t\t<\/div>\n\t\t\t\t<\/div>\n\t\t\t\t\t<\/div>\n\t\t\t\t<\/div>\n\t\t<div class=\"elementor-element elementor-element-f1c9ea6 e-con-full e-flex e-con e-parent\" data-id=\"f1c9ea6\" data-element_type=\"container\" data-e-type=\"container\">\n\t\t\t\t<div class=\"elementor-element elementor-element-4a8e4a3 elementor-widget elementor-widget-heading\" data-id=\"4a8e4a3\" data-element_type=\"widget\" data-e-type=\"widget\" data-widget_type=\"heading.default\">\n\t\t\t\t<div class=\"elementor-widget-container\">\n\t\t\t\t\t<h3 class=\"elementor-heading-title elementor-size-default\">This ancient technique, dating back to the Pre-Columbian period, continues to be practiced today, thanks to the skills passed down through generations of women from the Wayuu ethnic group in Colombia.<\/h3>\t\t\t\t<\/div>\n\t\t\t\t<\/div>\n\t\t\t\t<\/div>\n\t\t<div class=\"elementor-element elementor-element-6ecba91 e-flex e-con-boxed e-con e-parent\" data-id=\"6ecba91\" data-element_type=\"container\" data-e-type=\"container\">\n\t\t\t\t\t<div class=\"e-con-inner\">\n\t\t\t\t<div class=\"elementor-element elementor-element-a03d357 elementor-widget elementor-widget-text-editor\" data-id=\"a03d357\" data-element_type=\"widget\" data-e-type=\"widget\" data-widget_type=\"text-editor.default\">\n\t\t\t\t<div class=\"elementor-widget-container\">\n\t\t\t\t\t\t\t\t\t<p>The story also tells that Wale\u2019ker\u00fc, the mythical spider, fell in love with a Wayuu boy and ran away with him. The boy\u2019s mother, showing kindness, gave the spider cotton to provide shelter in the wild. However, the spider consumed all the cotton, and soon after, thread began to emerge from her mouth, ready for weaving. As time went on, Wale\u2019ker\u00fc began teaching the young women of the community the art of weaving, but she cautioned them to focus intently, for she couldn\u2019t always be there to guide them.<\/p><p>In Wayuu creation myths, weaving transcends being a simple cultural practice or ancestral tradition; it becomes a way of expressing life itself, in harmony with their emotions and desires. The deep connection between the Wayuu people and weaving is entwined with a feminine spirit that holds great significance in their culture. This spirit is as immortal as the art of weaving itself, as Wayuu society is organized around matrilineal clans. In the home, women are the weavers, caregivers, and keepers of the household, while in the community, their presence is a powerful symbol of respect and unity.<\/p>\t\t\t\t\t\t\t\t<\/div>\n\t\t\t\t<\/div>\n\t\t\t\t\t<\/div>\n\t\t\t\t<\/div>\n\t\t<div class=\"elementor-element elementor-element-8e888b7 e-flex e-con-boxed e-con e-parent\" data-id=\"8e888b7\" data-element_type=\"container\" data-e-type=\"container\" data-settings=\"{&quot;background_background&quot;:&quot;classic&quot;}\">\n\t\t\t\t\t<div class=\"e-con-inner\">\n\t\t<div class=\"elementor-element elementor-element-c0060b6 e-con-full e-flex e-con e-child\" data-id=\"c0060b6\" data-element_type=\"container\" data-e-type=\"container\" data-settings=\"{&quot;background_background&quot;:&quot;classic&quot;}\">\n\t\t\t\t<\/div>\n\t\t\t\t\t<\/div>\n\t\t\t\t<\/div>\n\t\t<div class=\"elementor-element elementor-element-e9973f7 e-flex e-con-boxed e-con e-parent\" data-id=\"e9973f7\" data-element_type=\"container\" data-e-type=\"container\">\n\t\t\t\t\t<div class=\"e-con-inner\">\n\t\t\t\t<div class=\"elementor-element elementor-element-98953ee elementor-widget elementor-widget-text-editor\" data-id=\"98953ee\" data-element_type=\"widget\" data-e-type=\"widget\" data-widget_type=\"text-editor.default\">\n\t\t\t\t<div class=\"elementor-widget-container\">\n\t\t\t\t\t\t\t\t\t<p>According to Wayuu tradition, when girls reach adolescence, they enter the &#8220;S\u00fctt\u00fcs\u00fc Pa\u00fcl\u00fc\u2019\u00fc,&#8221; a special &#8220;enclosure&#8221; within the homestead where they learn the sacred art of weaving and the wisdom necessary for their role as women, the cornerstone of the matrilineal Wayuu society.<\/p><p>In this space, the young girls are taught by their mothers, grandmothers, and maternal aunts to spin thread, work the loom, and weave hammocks, sashes, cords, and Wayuu bags. Throughout this journey, they are guided by the spirit of Wale\u2019ker\u00fc, the mythical spider who taught their ancestors to weave, ensuring that the art and cultural wisdom are passed down through the generations.<\/p>\t\t\t\t\t\t\t\t<\/div>\n\t\t\t\t<\/div>\n\t\t\t\t\t<\/div>\n\t\t\t\t<\/div>\n\t\t\t\t<\/div>","protected":false},"excerpt":{"rendered":"<p>Wayuu Bags: Handcrafted Crochet Art with a Purpose The Wayuu people of Colombia craft handmade mochilas (Wayuu bags) using traditional techniques, preserving their cultural heritage while generating resources to support the education and well-being of their children. How Colombian Tradition Is Woven Into Wayuu Bags Colombia is a country rich in traditions, a multicultural nation [&hellip;]<\/p>\n","protected":false},"author":1,"featured_media":0,"parent":0,"menu_order":0,"comment_status":"closed","ping_status":"closed","template":"","meta":{"_uag_custom_page_level_css":"","site-sidebar-layout":"no-sidebar","site-content-layout":"page-builder","ast-site-content-layout":"full-width-container","site-content-style":"default","site-sidebar-style":"default","ast-global-header-display":"","ast-banner-title-visibility":"","ast-main-header-display":"","ast-hfb-above-header-display":"","ast-hfb-below-header-display":"","ast-hfb-mobile-header-display":"","site-post-title":"disabled","ast-breadcrumbs-content":"","ast-featured-img":"disabled","footer-sml-layout":"","ast-disable-related-posts":"","theme-transparent-header-meta":"","adv-header-id-meta":"","stick-header-meta":"","header-above-stick-meta":"","header-main-stick-meta":"","header-below-stick-meta":"","astra-migrate-meta-layouts":"default","ast-page-background-enabled":"default","ast-page-background-meta":{"desktop":{"background-color":"var(--ast-global-color-5)","background-image":"","background-repeat":"repeat","background-position":"center center","background-size":"auto","background-attachment":"scroll","background-type":"","background-media":"","overlay-type":"","overlay-color":"","overlay-opacity":"","overlay-gradient":""},"tablet":{"background-color":"","background-image":"","background-repeat":"repeat","background-position":"center center","background-size":"auto","background-attachment":"scroll","background-type":"","background-media":"","overlay-type":"","overlay-color":"","overlay-opacity":"","overlay-gradient":""},"mobile":{"background-color":"","background-image":"","background-repeat":"repeat","background-position":"center center","background-size":"auto","background-attachment":"scroll","background-type":"","background-media":"","overlay-type":"","overlay-color":"","overlay-opacity":"","overlay-gradient":""}},"ast-content-background-meta":{"desktop":{"background-color":"var(--ast-global-color-4)","background-image":"","background-repeat":"repeat","background-position":"center center","background-size":"auto","background-attachment":"scroll","background-type":"","background-media":"","overlay-type":"","overlay-color":"","overlay-opacity":"","overlay-gradient":""},"tablet":{"background-color":"var(--ast-global-color-4)","background-image":"","background-repeat":"repeat","background-position":"center center","background-size":"auto","background-attachment":"scroll","background-type":"","background-media":"","overlay-type":"","overlay-color":"","overlay-opacity":"","overlay-gradient":""},"mobile":{"background-color":"var(--ast-global-color-4)","background-image":"","background-repeat":"repeat","background-position":"center center","background-size":"auto","background-attachment":"scroll","background-type":"","background-media":"","overlay-type":"","overlay-color":"","overlay-opacity":"","overlay-gradient":""}},"footnotes":""},"class_list":["post-2299","page","type-page","status-publish","hentry"],"yoast_head":"<!-- This site is optimized with the Yoast SEO plugin v23.2 - https:\/\/yoast.com\/wordpress\/plugins\/seo\/ -->\n<title>Wayuu bags with purpose - Colombian Artesanies<\/title>\n<meta name=\"robots\" content=\"index, follow, max-snippet:-1, max-image-preview:large, max-video-preview:-1\" \/>\n<link rel=\"canonical\" href=\"https:\/\/colombianartesanies.com\/es\/wayuu-bags-with-purpose\/\" \/>\n<meta property=\"og:locale\" content=\"es_ES\" \/>\n<meta property=\"og:type\" content=\"article\" \/>\n<meta property=\"og:title\" content=\"Wayuu bags with purpose - Colombian Artesanies\" \/>\n<meta property=\"og:description\" content=\"Wayuu Bags: Handcrafted Crochet Art with a Purpose The Wayuu people of Colombia craft handmade mochilas (Wayuu bags) using traditional techniques, preserving their cultural heritage while generating resources to support the education and well-being of their children. How Colombian Tradition Is Woven Into Wayuu Bags Colombia is a country rich in traditions, a multicultural nation [&hellip;]\" \/>\n<meta property=\"og:url\" content=\"https:\/\/colombianartesanies.com\/es\/wayuu-bags-with-purpose\/\" \/>\n<meta property=\"og:site_name\" content=\"Colombian Artesanies\" \/>\n<meta property=\"article:publisher\" content=\"https:\/\/www.facebook.com\/colombian.artesanies\" \/>\n<meta property=\"article:modified_time\" content=\"2025-01-11T21:51:40+00:00\" \/>\n<meta property=\"og:image\" content=\"https:\/\/colombianartesanies.com\/wp-content\/uploads\/2025\/01\/DSCF0049-1024x768.jpg\" \/>\n<meta name=\"twitter:card\" content=\"summary_large_image\" \/>\n<meta name=\"twitter:label1\" content=\"Tiempo de lectura\" \/>\n\t<meta name=\"twitter:data1\" content=\"3 minutos\" \/>\n<script type=\"application\/ld+json\" class=\"yoast-schema-graph\">{\"@context\":\"https:\/\/schema.org\",\"@graph\":[{\"@type\":\"WebPage\",\"@id\":\"https:\/\/colombianartesanies.com\/wayuu-bags-with-purpose\/\",\"url\":\"https:\/\/colombianartesanies.com\/wayuu-bags-with-purpose\/\",\"name\":\"Wayuu bags with purpose - Colombian Artesanies\",\"isPartOf\":{\"@id\":\"https:\/\/colombianartesanies.com\/#website\"},\"primaryImageOfPage\":{\"@id\":\"https:\/\/colombianartesanies.com\/wayuu-bags-with-purpose\/#primaryimage\"},\"image\":{\"@id\":\"https:\/\/colombianartesanies.com\/wayuu-bags-with-purpose\/#primaryimage\"},\"thumbnailUrl\":\"https:\/\/colombianartesanies.com\/wp-content\/uploads\/2025\/01\/DSCF0049-1024x768.jpg\",\"datePublished\":\"2025-01-11T21:40:11+00:00\",\"dateModified\":\"2025-01-11T21:51:40+00:00\",\"breadcrumb\":{\"@id\":\"https:\/\/colombianartesanies.com\/wayuu-bags-with-purpose\/#breadcrumb\"},\"inLanguage\":\"es\",\"potentialAction\":[{\"@type\":\"ReadAction\",\"target\":[\"https:\/\/colombianartesanies.com\/wayuu-bags-with-purpose\/\"]}]},{\"@type\":\"ImageObject\",\"inLanguage\":\"es\",\"@id\":\"https:\/\/colombianartesanies.com\/wayuu-bags-with-purpose\/#primaryimage\",\"url\":\"https:\/\/colombianartesanies.com\/wp-content\/uploads\/2025\/01\/DSCF0049-1024x768.jpg\",\"contentUrl\":\"https:\/\/colombianartesanies.com\/wp-content\/uploads\/2025\/01\/DSCF0049-1024x768.jpg\"},{\"@type\":\"BreadcrumbList\",\"@id\":\"https:\/\/colombianartesanies.com\/wayuu-bags-with-purpose\/#breadcrumb\",\"itemListElement\":[{\"@type\":\"ListItem\",\"position\":1,\"name\":\"Home\",\"item\":\"https:\/\/colombianartesanies.com\/\"},{\"@type\":\"ListItem\",\"position\":2,\"name\":\"Wayuu bags with purpose\"}]},{\"@type\":\"WebSite\",\"@id\":\"https:\/\/colombianartesanies.com\/#website\",\"url\":\"https:\/\/colombianartesanies.com\/\",\"name\":\"Colombian Artesanies\",\"description\":\"Plant Shop Website\",\"publisher\":{\"@id\":\"https:\/\/colombianartesanies.com\/#organization\"},\"potentialAction\":[{\"@type\":\"SearchAction\",\"target\":{\"@type\":\"EntryPoint\",\"urlTemplate\":\"https:\/\/colombianartesanies.com\/?s={search_term_string}\"},\"query-input\":\"required name=search_term_string\"}],\"inLanguage\":\"es\"},{\"@type\":\"Organization\",\"@id\":\"https:\/\/colombianartesanies.com\/#organization\",\"name\":\"Colombian Artesanies\",\"url\":\"https:\/\/colombianartesanies.com\/\",\"logo\":{\"@type\":\"ImageObject\",\"inLanguage\":\"es\",\"@id\":\"https:\/\/colombianartesanies.com\/#\/schema\/logo\/image\/\",\"url\":\"https:\/\/colombianartesanies.com\/wp-content\/uploads\/2024\/04\/logonegro.png\",\"contentUrl\":\"https:\/\/colombianartesanies.com\/wp-content\/uploads\/2024\/04\/logonegro.png\",\"width\":170,\"height\":45,\"caption\":\"Colombian Artesanies\"},\"image\":{\"@id\":\"https:\/\/colombianartesanies.com\/#\/schema\/logo\/image\/\"},\"sameAs\":[\"https:\/\/www.facebook.com\/colombian.artesanies\"]}]}<\/script>\n<!-- \/ Yoast SEO plugin. -->","yoast_head_json":{"title":"Wayuu bags with purpose - Colombian Artesanies","robots":{"index":"index","follow":"follow","max-snippet":"max-snippet:-1","max-image-preview":"max-image-preview:large","max-video-preview":"max-video-preview:-1"},"canonical":"https:\/\/colombianartesanies.com\/es\/wayuu-bags-with-purpose\/","og_locale":"es_ES","og_type":"article","og_title":"Wayuu bags with purpose - Colombian Artesanies","og_description":"Wayuu Bags: Handcrafted Crochet Art with a Purpose The Wayuu people of Colombia craft handmade mochilas (Wayuu bags) using traditional techniques, preserving their cultural heritage while generating resources to support the education and well-being of their children. How Colombian Tradition Is Woven Into Wayuu Bags Colombia is a country rich in traditions, a multicultural nation [&hellip;]","og_url":"https:\/\/colombianartesanies.com\/es\/wayuu-bags-with-purpose\/","og_site_name":"Colombian Artesanies","article_publisher":"https:\/\/www.facebook.com\/colombian.artesanies","article_modified_time":"2025-01-11T21:51:40+00:00","og_image":[{"url":"https:\/\/colombianartesanies.com\/wp-content\/uploads\/2025\/01\/DSCF0049-1024x768.jpg"}],"twitter_card":"summary_large_image","twitter_misc":{"Tiempo de lectura":"3 minutos"},"schema":{"@context":"https:\/\/schema.org","@graph":[{"@type":"WebPage","@id":"https:\/\/colombianartesanies.com\/wayuu-bags-with-purpose\/","url":"https:\/\/colombianartesanies.com\/wayuu-bags-with-purpose\/","name":"Wayuu bags with purpose - Colombian Artesanies","isPartOf":{"@id":"https:\/\/colombianartesanies.com\/#website"},"primaryImageOfPage":{"@id":"https:\/\/colombianartesanies.com\/wayuu-bags-with-purpose\/#primaryimage"},"image":{"@id":"https:\/\/colombianartesanies.com\/wayuu-bags-with-purpose\/#primaryimage"},"thumbnailUrl":"https:\/\/colombianartesanies.com\/wp-content\/uploads\/2025\/01\/DSCF0049-1024x768.jpg","datePublished":"2025-01-11T21:40:11+00:00","dateModified":"2025-01-11T21:51:40+00:00","breadcrumb":{"@id":"https:\/\/colombianartesanies.com\/wayuu-bags-with-purpose\/#breadcrumb"},"inLanguage":"es","potentialAction":[{"@type":"ReadAction","target":["https:\/\/colombianartesanies.com\/wayuu-bags-with-purpose\/"]}]},{"@type":"ImageObject","inLanguage":"es","@id":"https:\/\/colombianartesanies.com\/wayuu-bags-with-purpose\/#primaryimage","url":"https:\/\/colombianartesanies.com\/wp-content\/uploads\/2025\/01\/DSCF0049-1024x768.jpg","contentUrl":"https:\/\/colombianartesanies.com\/wp-content\/uploads\/2025\/01\/DSCF0049-1024x768.jpg"},{"@type":"BreadcrumbList","@id":"https:\/\/colombianartesanies.com\/wayuu-bags-with-purpose\/#breadcrumb","itemListElement":[{"@type":"ListItem","position":1,"name":"Home","item":"https:\/\/colombianartesanies.com\/"},{"@type":"ListItem","position":2,"name":"Wayuu bags with purpose"}]},{"@type":"WebSite","@id":"https:\/\/colombianartesanies.com\/#website","url":"https:\/\/colombianartesanies.com\/","name":"Colombian Artesanies","description":"Plant Shop Website","publisher":{"@id":"https:\/\/colombianartesanies.com\/#organization"},"potentialAction":[{"@type":"SearchAction","target":{"@type":"EntryPoint","urlTemplate":"https:\/\/colombianartesanies.com\/?s={search_term_string}"},"query-input":"required name=search_term_string"}],"inLanguage":"es"},{"@type":"Organization","@id":"https:\/\/colombianartesanies.com\/#organization","name":"Colombian Artesanies","url":"https:\/\/colombianartesanies.com\/","logo":{"@type":"ImageObject","inLanguage":"es","@id":"https:\/\/colombianartesanies.com\/#\/schema\/logo\/image\/","url":"https:\/\/colombianartesanies.com\/wp-content\/uploads\/2024\/04\/logonegro.png","contentUrl":"https:\/\/colombianartesanies.com\/wp-content\/uploads\/2024\/04\/logonegro.png","width":170,"height":45,"caption":"Colombian Artesanies"},"image":{"@id":"https:\/\/colombianartesanies.com\/#\/schema\/logo\/image\/"},"sameAs":["https:\/\/www.facebook.com\/colombian.artesanies"]}]}},"jetpack_sharing_enabled":true,"uagb_featured_image_src":{"full":false,"thumbnail":false,"medium":false,"medium_large":false,"large":false,"1536x1536":false,"2048x2048":false,"trp-custom-language-flag":false,"mailpoet_newsletter_max":false,"woocommerce_thumbnail":false,"woocommerce_single":false,"woocommerce_gallery_thumbnail":false},"uagb_author_info":{"display_name":"colartesanies","author_link":"https:\/\/colombianartesanies.com\/es\/author\/colartesanies\/"},"uagb_comment_info":0,"uagb_excerpt":"Wayuu Bags: Handcrafted Crochet Art with a Purpose The Wayuu people of Colombia craft handmade mochilas (Wayuu bags) using traditional techniques, preserving their cultural heritage while generating resources to support the education and well-being of their children. How Colombian Tradition Is Woven Into Wayuu Bags Colombia is a country rich in traditions, a multicultural nation&hellip;","_links":{"self":[{"href":"https:\/\/colombianartesanies.com\/es\/wp-json\/wp\/v2\/pages\/2299","targetHints":{"allow":["GET"]}}],"collection":[{"href":"https:\/\/colombianartesanies.com\/es\/wp-json\/wp\/v2\/pages"}],"about":[{"href":"https:\/\/colombianartesanies.com\/es\/wp-json\/wp\/v2\/types\/page"}],"author":[{"embeddable":true,"href":"https:\/\/colombianartesanies.com\/es\/wp-json\/wp\/v2\/users\/1"}],"replies":[{"embeddable":true,"href":"https:\/\/colombianartesanies.com\/es\/wp-json\/wp\/v2\/comments?post=2299"}],"version-history":[{"count":7,"href":"https:\/\/colombianartesanies.com\/es\/wp-json\/wp\/v2\/pages\/2299\/revisions"}],"predecessor-version":[{"id":2329,"href":"https:\/\/colombianartesanies.com\/es\/wp-json\/wp\/v2\/pages\/2299\/revisions\/2329"}],"wp:attachment":[{"href":"https:\/\/colombianartesanies.com\/es\/wp-json\/wp\/v2\/media?parent=2299"}],"curies":[{"name":"wp","href":"https:\/\/api.w.org\/{rel}","templated":true}]}}