{"id":1655,"date":"2024-07-11T17:12:48","date_gmt":"2024-07-11T17:12:48","guid":{"rendered":"https:\/\/colombianartesanies.com\/?post_type=product&#038;p=1655"},"modified":"2024-09-30T18:09:13","modified_gmt":"2024-09-30T18:09:13","slug":"wayuu-evil-eye-clutch","status":"publish","type":"product","link":"https:\/\/colombianartesanies.com\/es\/producto\/wayuu-evil-eye-clutch\/","title":{"rendered":"WAYUU EVIL EYE CLUTCH"},"content":{"rendered":"<p>El bolso clutch Wayuu \u201ctapizado\u201d. El favorito de nuestros clientes. Este impresionante clutch hecho a mano no es tan grande como una mochila, pero es lo suficientemente espacioso para llevar tus esenciales en una salida nocturna o un almuerzo con amigos. Cada uno es \u00fanico, con dise\u00f1os singulares y colores hermosos. Est\u00e1n elaborados con la t\u00e9cnica de punch needle y representan una visi\u00f3n del mundo desde la perspectiva de la cultura Wayuu.<\/p>\n<ul>\n<li>Hecho a mano por el pueblo ind\u00edgena Wayuu en Colombia.<\/li>\n<li>Dise\u00f1os y patrones \u00fanicos y coloridos.<\/li>\n<li>Fabricado con materiales de alta calidad y duraderos.<\/li>\n<li>Producido de manera \u00e9tica y sostenible.<\/li>\n<li>El proceso de elaboraci\u00f3n de un clutch puede tardar hasta 1 semana.<\/li>\n<\/ul>\n<p>Un punch needle es una herramienta con una aguja larga y hueca que se utiliza para crear puntadas en bucle en la tela. La aguja se empuja a trav\u00e9s de la tela y luego se tira de hilo u otras fibras a trav\u00e9s del centro hueco de la aguja para formar un lazo en el otro lado de la tela.<\/p>\n<p>Medidas:<br \/>\nLargo: 25 (+-2) cm \/ 9.8\u2033<br \/>\nAncho: 16 (+-2) cm \/ 6.2\u2033<\/p>","protected":false},"excerpt":{"rendered":"<p>Handmade Wayuu clutch with unique, vibrant designs. Ethically produced in Colombia using a punch needle technique. Durable, high-quality materials. Perfect size for essentials on a night out or lunch with friends. Each piece is one of a kind.<\/p>","protected":false},"featured_media":1656,"comment_status":"open","ping_status":"closed","template":"","meta":{"_uag_custom_page_level_css":"","site-sidebar-layout":"default","site-content-layout":"","ast-site-content-layout":"default","site-content-style":"default","site-sidebar-style":"default","ast-global-header-display":"","ast-banner-title-visibility":"","ast-main-header-display":"","ast-hfb-above-header-display":"","ast-hfb-below-header-display":"","ast-hfb-mobile-header-display":"","site-post-title":"","ast-breadcrumbs-content":"","ast-featured-img":"","footer-sml-layout":"","ast-disable-related-posts":"","theme-transparent-header-meta":"default","adv-header-id-meta":"","stick-header-meta":"","header-above-stick-meta":"","header-main-stick-meta":"","header-below-stick-meta":"","astra-migrate-meta-layouts":"set","ast-page-background-enabled":"default","ast-page-background-meta":{"desktop":{"background-color":"var(--ast-global-color-5)","background-image":"","background-repeat":"repeat","background-position":"center center","background-size":"auto","background-attachment":"scroll","background-type":"","background-media":"","overlay-type":"","overlay-color":"","overlay-opacity":"","overlay-gradient":""},"tablet":{"background-color":"","background-image":"","background-repeat":"repeat","background-position":"center center","background-size":"auto","background-attachment":"scroll","background-type":"","background-media":"","overlay-type":"","overlay-color":"","overlay-opacity":"","overlay-gradient":""},"mobile":{"background-color":"","background-image":"","background-repeat":"repeat","background-position":"center center","background-size":"auto","background-attachment":"scroll","background-type":"","background-media":"","overlay-type":"","overlay-color":"","overlay-opacity":"","overlay-gradient":""}},"ast-content-background-meta":{"desktop":{"background-color":"var(--ast-global-color-4)","background-image":"","background-repeat":"repeat","background-position":"center center","background-size":"auto","background-attachment":"scroll","background-type":"","background-media":"","overlay-type":"","overlay-color":"","overlay-opacity":"","overlay-gradient":""},"tablet":{"background-color":"var(--ast-global-color-4)","background-image":"","background-repeat":"repeat","background-position":"center center","background-size":"auto","background-attachment":"scroll","background-type":"","background-media":"","overlay-type":"","overlay-color":"","overlay-opacity":"","overlay-gradient":""},"mobile":{"background-color":"var(--ast-global-color-4)","background-image":"","background-repeat":"repeat","background-position":"center center","background-size":"auto","background-attachment":"scroll","background-type":"","background-media":"","overlay-type":"","overlay-color":"","overlay-opacity":"","overlay-gradient":""}}},"product_brand":[],"product_cat":[53],"product_tag":[],"class_list":{"0":"post-1655","1":"product","2":"type-product","3":"status-publish","4":"has-post-thumbnail","6":"product_cat-clutches","7":"product_shipping_class-small","8":"desktop-align-left","9":"tablet-align-left","10":"mobile-align-left","11":"ast-product-gallery-layout-horizontal-slider","12":"ast-product-gallery-with-no-image","13":"ast-product-tabs-layout-horizontal","15":"first","16":"instock","17":"shipping-taxable","18":"purchasable","19":"product-type-simple"},"yoast_head":"<!-- This site is optimized with the Yoast SEO plugin v23.2 - https:\/\/yoast.com\/wordpress\/plugins\/seo\/ -->\n<title>WAYUU EVIL EYE CLUTCH - Colombian Artesanies<\/title>\n<meta name=\"description\" content=\"The Wayuu Eye Clutch. A customer&#039;s favorite. This stunning handmade clutch, it is roomy enough to carry your essentials on a night out or for lunch.\" \/>\n<meta name=\"robots\" content=\"index, follow, max-snippet:-1, max-image-preview:large, max-video-preview:-1\" \/>\n<link rel=\"canonical\" href=\"https:\/\/colombianartesanies.com\/es\/producto\/wayuu-evil-eye-clutch\/\" \/>\n<meta property=\"og:locale\" content=\"es_ES\" \/>\n<meta property=\"og:type\" content=\"article\" \/>\n<meta property=\"og:title\" content=\"WAYUU EVIL EYE CLUTCH - Colombian Artesanies\" \/>\n<meta property=\"og:description\" content=\"The Wayuu Eye Clutch. A customer&#039;s favorite. This stunning handmade clutch, it is roomy enough to carry your essentials on a night out or for lunch.\" \/>\n<meta property=\"og:url\" content=\"https:\/\/colombianartesanies.com\/es\/producto\/wayuu-evil-eye-clutch\/\" \/>\n<meta property=\"og:site_name\" content=\"Colombian Artesanies\" \/>\n<meta property=\"article:publisher\" content=\"https:\/\/www.facebook.com\/colombian.artesanies\" \/>\n<meta property=\"article:modified_time\" content=\"2024-09-30T18:09:13+00:00\" \/>\n<meta property=\"og:image\" content=\"https:\/\/colombianartesanies.com\/wp-content\/uploads\/2024\/07\/Screenshot_20240520-193308.png\" \/>\n\t<meta property=\"og:image:width\" content=\"1077\" \/>\n\t<meta property=\"og:image:height\" content=\"1334\" \/>\n\t<meta property=\"og:image:type\" content=\"image\/png\" \/>\n<meta name=\"twitter:card\" content=\"summary_large_image\" \/>\n<meta name=\"twitter:label1\" content=\"Tiempo de lectura\" \/>\n\t<meta name=\"twitter:data1\" content=\"1 minuto\" \/>\n<script type=\"application\/ld+json\" class=\"yoast-schema-graph\">{\"@context\":\"https:\/\/schema.org\",\"@graph\":[{\"@type\":\"WebPage\",\"@id\":\"https:\/\/colombianartesanies.com\/product\/wayuu-evil-eye-clutch\/\",\"url\":\"https:\/\/colombianartesanies.com\/product\/wayuu-evil-eye-clutch\/\",\"name\":\"WAYUU EVIL EYE CLUTCH - Colombian Artesanies\",\"isPartOf\":{\"@id\":\"https:\/\/colombianartesanies.com\/#website\"},\"primaryImageOfPage\":{\"@id\":\"https:\/\/colombianartesanies.com\/product\/wayuu-evil-eye-clutch\/#primaryimage\"},\"image\":{\"@id\":\"https:\/\/colombianartesanies.com\/product\/wayuu-evil-eye-clutch\/#primaryimage\"},\"thumbnailUrl\":\"https:\/\/colombianartesanies.com\/wp-content\/uploads\/2024\/07\/Screenshot_20240520-193308.png\",\"datePublished\":\"2024-07-11T17:12:48+00:00\",\"dateModified\":\"2024-09-30T18:09:13+00:00\",\"description\":\"The Wayuu Eye Clutch. A customer's favorite. This stunning handmade clutch, it is roomy enough to carry your essentials on a night out or for lunch.\",\"breadcrumb\":{\"@id\":\"https:\/\/colombianartesanies.com\/product\/wayuu-evil-eye-clutch\/#breadcrumb\"},\"inLanguage\":\"es\",\"potentialAction\":[{\"@type\":\"ReadAction\",\"target\":[\"https:\/\/colombianartesanies.com\/product\/wayuu-evil-eye-clutch\/\"]}]},{\"@type\":\"ImageObject\",\"inLanguage\":\"es\",\"@id\":\"https:\/\/colombianartesanies.com\/product\/wayuu-evil-eye-clutch\/#primaryimage\",\"url\":\"https:\/\/colombianartesanies.com\/wp-content\/uploads\/2024\/07\/Screenshot_20240520-193308.png\",\"contentUrl\":\"https:\/\/colombianartesanies.com\/wp-content\/uploads\/2024\/07\/Screenshot_20240520-193308.png\",\"width\":1077,\"height\":1334,\"caption\":\"wayuu evil eye bag colombian turkish eye clutch\"},{\"@type\":\"BreadcrumbList\",\"@id\":\"https:\/\/colombianartesanies.com\/product\/wayuu-evil-eye-clutch\/#breadcrumb\",\"itemListElement\":[{\"@type\":\"ListItem\",\"position\":1,\"name\":\"Home\",\"item\":\"https:\/\/colombianartesanies.com\/\"},{\"@type\":\"ListItem\",\"position\":2,\"name\":\"Shop\",\"item\":\"https:\/\/colombianartesanies.com\/shop\/\"},{\"@type\":\"ListItem\",\"position\":3,\"name\":\"WAYUU EVIL EYE CLUTCH\"}]},{\"@type\":\"WebSite\",\"@id\":\"https:\/\/colombianartesanies.com\/#website\",\"url\":\"https:\/\/colombianartesanies.com\/\",\"name\":\"Colombian Artesanies\",\"description\":\"Plant Shop Website\",\"publisher\":{\"@id\":\"https:\/\/colombianartesanies.com\/#organization\"},\"potentialAction\":[{\"@type\":\"SearchAction\",\"target\":{\"@type\":\"EntryPoint\",\"urlTemplate\":\"https:\/\/colombianartesanies.com\/?s={search_term_string}\"},\"query-input\":\"required name=search_term_string\"}],\"inLanguage\":\"es\"},{\"@type\":\"Organization\",\"@id\":\"https:\/\/colombianartesanies.com\/#organization\",\"name\":\"Colombian Artesanies\",\"url\":\"https:\/\/colombianartesanies.com\/\",\"logo\":{\"@type\":\"ImageObject\",\"inLanguage\":\"es\",\"@id\":\"https:\/\/colombianartesanies.com\/#\/schema\/logo\/image\/\",\"url\":\"https:\/\/colombianartesanies.com\/wp-content\/uploads\/2024\/04\/logonegro.png\",\"contentUrl\":\"https:\/\/colombianartesanies.com\/wp-content\/uploads\/2024\/04\/logonegro.png\",\"width\":170,\"height\":45,\"caption\":\"Colombian Artesanies\"},\"image\":{\"@id\":\"https:\/\/colombianartesanies.com\/#\/schema\/logo\/image\/\"},\"sameAs\":[\"https:\/\/www.facebook.com\/colombian.artesanies\"]}]}<\/script>\n<!-- \/ Yoast SEO plugin. -->","yoast_head_json":{"title":"WAYUU EVIL EYE CLUTCH - Colombian Artesanies","description":"The Wayuu Eye Clutch. A customer's favorite. This stunning handmade clutch, it is roomy enough to carry your essentials on a night out or for lunch.","robots":{"index":"index","follow":"follow","max-snippet":"max-snippet:-1","max-image-preview":"max-image-preview:large","max-video-preview":"max-video-preview:-1"},"canonical":"https:\/\/colombianartesanies.com\/es\/producto\/wayuu-evil-eye-clutch\/","og_locale":"es_ES","og_type":"article","og_title":"WAYUU EVIL EYE CLUTCH - Colombian Artesanies","og_description":"The Wayuu Eye Clutch. A customer's favorite. This stunning handmade clutch, it is roomy enough to carry your essentials on a night out or for lunch.","og_url":"https:\/\/colombianartesanies.com\/es\/producto\/wayuu-evil-eye-clutch\/","og_site_name":"Colombian Artesanies","article_publisher":"https:\/\/www.facebook.com\/colombian.artesanies","article_modified_time":"2024-09-30T18:09:13+00:00","og_image":[{"width":1077,"height":1334,"url":"https:\/\/colombianartesanies.com\/wp-content\/uploads\/2024\/07\/Screenshot_20240520-193308.png","type":"image\/png"}],"twitter_card":"summary_large_image","twitter_misc":{"Tiempo de lectura":"1 minuto"},"schema":{"@context":"https:\/\/schema.org","@graph":[{"@type":"WebPage","@id":"https:\/\/colombianartesanies.com\/product\/wayuu-evil-eye-clutch\/","url":"https:\/\/colombianartesanies.com\/product\/wayuu-evil-eye-clutch\/","name":"WAYUU EVIL EYE CLUTCH - Colombian Artesanies","isPartOf":{"@id":"https:\/\/colombianartesanies.com\/#website"},"primaryImageOfPage":{"@id":"https:\/\/colombianartesanies.com\/product\/wayuu-evil-eye-clutch\/#primaryimage"},"image":{"@id":"https:\/\/colombianartesanies.com\/product\/wayuu-evil-eye-clutch\/#primaryimage"},"thumbnailUrl":"https:\/\/colombianartesanies.com\/wp-content\/uploads\/2024\/07\/Screenshot_20240520-193308.png","datePublished":"2024-07-11T17:12:48+00:00","dateModified":"2024-09-30T18:09:13+00:00","description":"The Wayuu Eye Clutch. A customer's favorite. This stunning handmade clutch, it is roomy enough to carry your essentials on a night out or for lunch.","breadcrumb":{"@id":"https:\/\/colombianartesanies.com\/product\/wayuu-evil-eye-clutch\/#breadcrumb"},"inLanguage":"es","potentialAction":[{"@type":"ReadAction","target":["https:\/\/colombianartesanies.com\/product\/wayuu-evil-eye-clutch\/"]}]},{"@type":"ImageObject","inLanguage":"es","@id":"https:\/\/colombianartesanies.com\/product\/wayuu-evil-eye-clutch\/#primaryimage","url":"https:\/\/colombianartesanies.com\/wp-content\/uploads\/2024\/07\/Screenshot_20240520-193308.png","contentUrl":"https:\/\/colombianartesanies.com\/wp-content\/uploads\/2024\/07\/Screenshot_20240520-193308.png","width":1077,"height":1334,"caption":"wayuu evil eye bag colombian turkish eye clutch"},{"@type":"BreadcrumbList","@id":"https:\/\/colombianartesanies.com\/product\/wayuu-evil-eye-clutch\/#breadcrumb","itemListElement":[{"@type":"ListItem","position":1,"name":"Home","item":"https:\/\/colombianartesanies.com\/"},{"@type":"ListItem","position":2,"name":"Shop","item":"https:\/\/colombianartesanies.com\/shop\/"},{"@type":"ListItem","position":3,"name":"WAYUU EVIL EYE CLUTCH"}]},{"@type":"WebSite","@id":"https:\/\/colombianartesanies.com\/#website","url":"https:\/\/colombianartesanies.com\/","name":"Colombian Artesanies","description":"Plant Shop Website","publisher":{"@id":"https:\/\/colombianartesanies.com\/#organization"},"potentialAction":[{"@type":"SearchAction","target":{"@type":"EntryPoint","urlTemplate":"https:\/\/colombianartesanies.com\/?s={search_term_string}"},"query-input":"required name=search_term_string"}],"inLanguage":"es"},{"@type":"Organization","@id":"https:\/\/colombianartesanies.com\/#organization","name":"Colombian Artesanies","url":"https:\/\/colombianartesanies.com\/","logo":{"@type":"ImageObject","inLanguage":"es","@id":"https:\/\/colombianartesanies.com\/#\/schema\/logo\/image\/","url":"https:\/\/colombianartesanies.com\/wp-content\/uploads\/2024\/04\/logonegro.png","contentUrl":"https:\/\/colombianartesanies.com\/wp-content\/uploads\/2024\/04\/logonegro.png","width":170,"height":45,"caption":"Colombian Artesanies"},"image":{"@id":"https:\/\/colombianartesanies.com\/#\/schema\/logo\/image\/"},"sameAs":["https:\/\/www.facebook.com\/colombian.artesanies"]}]}},"jetpack_sharing_enabled":true,"uagb_featured_image_src":{"full":["https:\/\/colombianartesanies.com\/wp-content\/uploads\/2024\/07\/Screenshot_20240520-193308.png",1077,1334,false],"thumbnail":["https:\/\/colombianartesanies.com\/wp-content\/uploads\/2024\/07\/Screenshot_20240520-193308-150x150.png",150,150,true],"medium":["https:\/\/colombianartesanies.com\/wp-content\/uploads\/2024\/07\/Screenshot_20240520-193308-242x300.png",242,300,true],"medium_large":["https:\/\/colombianartesanies.com\/wp-content\/uploads\/2024\/07\/Screenshot_20240520-193308-768x951.png",768,951,true],"large":["https:\/\/colombianartesanies.com\/wp-content\/uploads\/2024\/07\/Screenshot_20240520-193308-827x1024.png",827,1024,true],"1536x1536":["https:\/\/colombianartesanies.com\/wp-content\/uploads\/2024\/07\/Screenshot_20240520-193308.png",1077,1334,false],"2048x2048":["https:\/\/colombianartesanies.com\/wp-content\/uploads\/2024\/07\/Screenshot_20240520-193308.png",1077,1334,false],"trp-custom-language-flag":["https:\/\/colombianartesanies.com\/wp-content\/uploads\/2024\/07\/Screenshot_20240520-193308.png",10,12,false],"mailpoet_newsletter_max":["https:\/\/colombianartesanies.com\/wp-content\/uploads\/2024\/07\/Screenshot_20240520-193308.png",1077,1334,false],"woocommerce_thumbnail":["https:\/\/colombianartesanies.com\/wp-content\/uploads\/2024\/07\/Screenshot_20240520-193308-300x300.png",300,300,true],"woocommerce_single":["https:\/\/colombianartesanies.com\/wp-content\/uploads\/2024\/07\/Screenshot_20240520-193308-600x743.png",600,743,true],"woocommerce_gallery_thumbnail":["https:\/\/colombianartesanies.com\/wp-content\/uploads\/2024\/07\/Screenshot_20240520-193308-100x100.png",100,100,true]},"uagb_author_info":{"display_name":"colartesanies","author_link":"https:\/\/colombianartesanies.com\/es\/author\/"},"uagb_comment_info":0,"uagb_excerpt":"Handmade Wayuu clutch with unique, vibrant designs. Ethically produced in Colombia using a punch needle technique. Durable, high-quality materials. Perfect size for essentials on a night out or lunch with friends. Each piece is one of a kind.","_links":{"self":[{"href":"https:\/\/colombianartesanies.com\/es\/wp-json\/wp\/v2\/product\/1655","targetHints":{"allow":["GET"]}}],"collection":[{"href":"https:\/\/colombianartesanies.com\/es\/wp-json\/wp\/v2\/product"}],"about":[{"href":"https:\/\/colombianartesanies.com\/es\/wp-json\/wp\/v2\/types\/product"}],"replies":[{"embeddable":true,"href":"https:\/\/colombianartesanies.com\/es\/wp-json\/wp\/v2\/comments?post=1655"}],"version-history":[{"count":1,"href":"https:\/\/colombianartesanies.com\/es\/wp-json\/wp\/v2\/product\/1655\/revisions"}],"predecessor-version":[{"id":2133,"href":"https:\/\/colombianartesanies.com\/es\/wp-json\/wp\/v2\/product\/1655\/revisions\/2133"}],"wp:featuredmedia":[{"embeddable":true,"href":"https:\/\/colombianartesanies.com\/es\/wp-json\/wp\/v2\/media\/1656"}],"wp:attachment":[{"href":"https:\/\/colombianartesanies.com\/es\/wp-json\/wp\/v2\/media?parent=1655"}],"wp:term":[{"taxonomy":"product_brand","embeddable":true,"href":"https:\/\/colombianartesanies.com\/es\/wp-json\/wp\/v2\/product_brand?post=1655"},{"taxonomy":"product_cat","embeddable":true,"href":"https:\/\/colombianartesanies.com\/es\/wp-json\/wp\/v2\/product_cat?post=1655"},{"taxonomy":"product_tag","embeddable":true,"href":"https:\/\/colombianartesanies.com\/es\/wp-json\/wp\/v2\/product_tag?post=1655"}],"curies":[{"name":"wp","href":"https:\/\/api.w.org\/{rel}","templated":true}]}}