{"id":2004,"date":"2024-09-16T20:26:57","date_gmt":"2024-09-16T20:26:57","guid":{"rendered":"https:\/\/colombianartesanies.com\/?post_type=product&#038;p=2004"},"modified":"2025-07-06T22:28:24","modified_gmt":"2025-07-06T22:28:24","slug":"wayuu-large-bag-unicolor-stock","status":"publish","type":"product","link":"https:\/\/colombianartesanies.com\/es\/producto\/wayuu-large-bag-unicolor-stock\/","title":{"rendered":"MOCHILAS UNICOLOR"},"content":{"rendered":"<p>The Wayuu bag large unicolor is more than just a colorful accessory; it&#8217;s a special Colombian gift. It has designs that tell stories about the Wayuu people and their rich traditions. Whether you&#8217;re going to work, the gym, or out at night, this Wayuu mochila with its beautiful Wayuu strap is perfect for you.<\/p>\n<p>Inside this mochila Wayuu, you&#8217;ll find plenty of room, there&#8217;s ample space for all your daily essentials, also perfect as a weekend bag or a beach bag for summer.<\/p>\n<p>Indigenous women use a traditional Wayuu crochet method to craft these bags, blending old traditions with new styles. When you hold this bag, you&#8217;ll feel its significance as a cherished Colombian gift.<\/p>\n<p>By choosing this Wayuu bag, you&#8217;re doing something wonderful. You&#8217;re helping the Wayuu people and supporting their traditions and hard work.<\/p>\n<ul>\n<li>Artisans weave each bag in the desert, enjoying coffee and chats. Takes 1.5-2 weeks.<\/li>\n<li>Unique designs; no two bags are alike, showcasing individual craftsmanship.<\/li>\n<li>Fair-trade bags in chic colors, handwoven by Way\u00fau artisans in Colombia.<\/li>\n<li>Comfortable crossbody strap for easy wear and convenience.<\/li>\n<li>Machine-washable bags; vibrant colors remain intact after cold water wash.<\/li>\n<\/ul>","protected":false},"excerpt":{"rendered":"<p data-sourcepos=\"3:1-3:156\"><strong>Discover Your Perfect Color:<\/strong> \u00a1Elige directamente de nuestro amplio stock! Simplemente visita nuestro \u00e1lbum de Google Drive utilizando el enlace a continuaci\u00f3n y <strong>anota el n\u00famero de referencia de tu bolso favorito en el campo de notas al momento de la compra.<\/strong>.<\/p>\n<p data-sourcepos=\"5:1-5:64\">Google drive <strong><a href=\"https:\/\/drive.google.com\/drive\/folders\/1m_NyBuIrW6KP8xOMv6DjVkDQJTi1FdOq?usp=drive_link\" target=\"_blank\" rel=\"noopener\">stock album<\/a><\/strong><\/p>\n<p data-sourcepos=\"5:1-5:64\"><strong>Preguntas?<\/strong> Cont\u00e1ctanos por WhatsApp para asistencia inmediata.<\/p>","protected":false},"featured_media":1989,"comment_status":"open","ping_status":"closed","template":"","meta":{"_uag_custom_page_level_css":"","site-sidebar-layout":"default","site-content-layout":"","ast-site-content-layout":"default","site-content-style":"default","site-sidebar-style":"default","ast-global-header-display":"","ast-banner-title-visibility":"","ast-main-header-display":"","ast-hfb-above-header-display":"","ast-hfb-below-header-display":"","ast-hfb-mobile-header-display":"","site-post-title":"","ast-breadcrumbs-content":"","ast-featured-img":"","footer-sml-layout":"","ast-disable-related-posts":"","theme-transparent-header-meta":"default","adv-header-id-meta":"","stick-header-meta":"","header-above-stick-meta":"","header-main-stick-meta":"","header-below-stick-meta":"","astra-migrate-meta-layouts":"set","ast-page-background-enabled":"default","ast-page-background-meta":{"desktop":{"background-color":"var(--ast-global-color-5)","background-image":"","background-repeat":"repeat","background-position":"center center","background-size":"auto","background-attachment":"scroll","background-type":"","background-media":"","overlay-type":"","overlay-color":"","overlay-opacity":"","overlay-gradient":""},"tablet":{"background-color":"","background-image":"","background-repeat":"repeat","background-position":"center center","background-size":"auto","background-attachment":"scroll","background-type":"","background-media":"","overlay-type":"","overlay-color":"","overlay-opacity":"","overlay-gradient":""},"mobile":{"background-color":"","background-image":"","background-repeat":"repeat","background-position":"center center","background-size":"auto","background-attachment":"scroll","background-type":"","background-media":"","overlay-type":"","overlay-color":"","overlay-opacity":"","overlay-gradient":""}},"ast-content-background-meta":{"desktop":{"background-color":"var(--ast-global-color-4)","background-image":"","background-repeat":"repeat","background-position":"center center","background-size":"auto","background-attachment":"scroll","background-type":"","background-media":"","overlay-type":"","overlay-color":"","overlay-opacity":"","overlay-gradient":""},"tablet":{"background-color":"var(--ast-global-color-4)","background-image":"","background-repeat":"repeat","background-position":"center center","background-size":"auto","background-attachment":"scroll","background-type":"","background-media":"","overlay-type":"","overlay-color":"","overlay-opacity":"","overlay-gradient":""},"mobile":{"background-color":"var(--ast-global-color-4)","background-image":"","background-repeat":"repeat","background-position":"center center","background-size":"auto","background-attachment":"scroll","background-type":"","background-media":"","overlay-type":"","overlay-color":"","overlay-opacity":"","overlay-gradient":""}}},"product_brand":[],"product_cat":[77],"product_tag":[],"class_list":{"0":"post-2004","1":"product","2":"type-product","3":"status-publish","4":"has-post-thumbnail","6":"product_cat-unicolor","7":"desktop-align-left","8":"tablet-align-left","9":"mobile-align-left","10":"ast-product-gallery-layout-horizontal-slider","11":"ast-product-gallery-with-no-image","12":"ast-product-tabs-layout-horizontal","14":"first","15":"instock","16":"shipping-taxable","17":"purchasable","18":"product-type-simple"},"yoast_head":"<!-- This site is optimized with the Yoast SEO plugin v23.2 - https:\/\/yoast.com\/wordpress\/plugins\/seo\/ -->\n<title>WAYUU LARGE BAG ALL COLORS - Colombian Artesanies<\/title>\n<meta name=\"description\" content=\"Embrace tradition and style with our Large Wayuu Bag, a symbol of Colombian heritage. Crafted by Indigenous women using traditional crochet methods.\" \/>\n<meta name=\"robots\" content=\"index, follow, max-snippet:-1, max-image-preview:large, max-video-preview:-1\" \/>\n<link rel=\"canonical\" href=\"https:\/\/colombianartesanies.com\/es\/producto\/wayuu-large-bag-unicolor-stock\/\" \/>\n<meta property=\"og:locale\" content=\"es_ES\" \/>\n<meta property=\"og:type\" content=\"article\" \/>\n<meta property=\"og:title\" content=\"WAYUU LARGE BAG ALL COLORS - Colombian Artesanies\" \/>\n<meta property=\"og:description\" content=\"Embrace tradition and style with our Large Wayuu Bag, a symbol of Colombian heritage. Crafted by Indigenous women using traditional crochet methods.\" \/>\n<meta property=\"og:url\" content=\"https:\/\/colombianartesanies.com\/es\/producto\/wayuu-large-bag-unicolor-stock\/\" \/>\n<meta property=\"og:site_name\" content=\"Colombian Artesanies\" \/>\n<meta property=\"article:publisher\" content=\"https:\/\/www.facebook.com\/colombian.artesanies\" \/>\n<meta property=\"article:modified_time\" content=\"2025-07-06T22:28:24+00:00\" \/>\n<meta property=\"og:image\" content=\"https:\/\/colombianartesanies.com\/wp-content\/uploads\/2024\/09\/GORETT-Bolso-Wayuu-100-Artesanal-Original-de-Colombia-Mochila-100-Artesanal-estilo-Indio-Tradicional-fabricado-en.webp\" \/>\n\t<meta property=\"og:image:width\" content=\"1024\" \/>\n\t<meta property=\"og:image:height\" content=\"1024\" \/>\n\t<meta property=\"og:image:type\" content=\"image\/webp\" \/>\n<meta name=\"twitter:card\" content=\"summary_large_image\" \/>\n<meta name=\"twitter:label1\" content=\"Tiempo de lectura\" \/>\n\t<meta name=\"twitter:data1\" content=\"2 minutos\" \/>\n<script type=\"application\/ld+json\" class=\"yoast-schema-graph\">{\"@context\":\"https:\/\/schema.org\",\"@graph\":[{\"@type\":\"WebPage\",\"@id\":\"https:\/\/colombianartesanies.com\/product\/wayuu-large-bag-unicolor-stock\/\",\"url\":\"https:\/\/colombianartesanies.com\/product\/wayuu-large-bag-unicolor-stock\/\",\"name\":\"WAYUU LARGE BAG ALL COLORS - Colombian Artesanies\",\"isPartOf\":{\"@id\":\"https:\/\/colombianartesanies.com\/#website\"},\"primaryImageOfPage\":{\"@id\":\"https:\/\/colombianartesanies.com\/product\/wayuu-large-bag-unicolor-stock\/#primaryimage\"},\"image\":{\"@id\":\"https:\/\/colombianartesanies.com\/product\/wayuu-large-bag-unicolor-stock\/#primaryimage\"},\"thumbnailUrl\":\"https:\/\/colombianartesanies.com\/wp-content\/uploads\/2024\/09\/GORETT-Bolso-Wayuu-100-Artesanal-Original-de-Colombia-Mochila-100-Artesanal-estilo-Indio-Tradicional-fabricado-en.webp\",\"datePublished\":\"2024-09-16T20:26:57+00:00\",\"dateModified\":\"2025-07-06T22:28:24+00:00\",\"description\":\"Embrace tradition and style with our Large Wayuu Bag, a symbol of Colombian heritage. Crafted by Indigenous women using traditional crochet methods.\",\"breadcrumb\":{\"@id\":\"https:\/\/colombianartesanies.com\/product\/wayuu-large-bag-unicolor-stock\/#breadcrumb\"},\"inLanguage\":\"es\",\"potentialAction\":[{\"@type\":\"ReadAction\",\"target\":[\"https:\/\/colombianartesanies.com\/product\/wayuu-large-bag-unicolor-stock\/\"]}]},{\"@type\":\"ImageObject\",\"inLanguage\":\"es\",\"@id\":\"https:\/\/colombianartesanies.com\/product\/wayuu-large-bag-unicolor-stock\/#primaryimage\",\"url\":\"https:\/\/colombianartesanies.com\/wp-content\/uploads\/2024\/09\/GORETT-Bolso-Wayuu-100-Artesanal-Original-de-Colombia-Mochila-100-Artesanal-estilo-Indio-Tradicional-fabricado-en.webp\",\"contentUrl\":\"https:\/\/colombianartesanies.com\/wp-content\/uploads\/2024\/09\/GORETT-Bolso-Wayuu-100-Artesanal-Original-de-Colombia-Mochila-100-Artesanal-estilo-Indio-Tradicional-fabricado-en.webp\",\"width\":1024,\"height\":1024,\"caption\":\"Attachment Details GORETT-Bolso-Wayuu-100-Artesanal-Original-de-Colombia-Mochila-100-Artesanal-estilo-Indio-Tradicional\"},{\"@type\":\"BreadcrumbList\",\"@id\":\"https:\/\/colombianartesanies.com\/product\/wayuu-large-bag-unicolor-stock\/#breadcrumb\",\"itemListElement\":[{\"@type\":\"ListItem\",\"position\":1,\"name\":\"Home\",\"item\":\"https:\/\/colombianartesanies.com\/\"},{\"@type\":\"ListItem\",\"position\":2,\"name\":\"Shop\",\"item\":\"https:\/\/colombianartesanies.com\/shop\/\"},{\"@type\":\"ListItem\",\"position\":3,\"name\":\"WAYUU LARGE BAG ALL COLORS\"}]},{\"@type\":\"WebSite\",\"@id\":\"https:\/\/colombianartesanies.com\/#website\",\"url\":\"https:\/\/colombianartesanies.com\/\",\"name\":\"Colombian Artesanies\",\"description\":\"Plant Shop Website\",\"publisher\":{\"@id\":\"https:\/\/colombianartesanies.com\/#organization\"},\"potentialAction\":[{\"@type\":\"SearchAction\",\"target\":{\"@type\":\"EntryPoint\",\"urlTemplate\":\"https:\/\/colombianartesanies.com\/?s={search_term_string}\"},\"query-input\":\"required name=search_term_string\"}],\"inLanguage\":\"es\"},{\"@type\":\"Organization\",\"@id\":\"https:\/\/colombianartesanies.com\/#organization\",\"name\":\"Colombian Artesanies\",\"url\":\"https:\/\/colombianartesanies.com\/\",\"logo\":{\"@type\":\"ImageObject\",\"inLanguage\":\"es\",\"@id\":\"https:\/\/colombianartesanies.com\/#\/schema\/logo\/image\/\",\"url\":\"https:\/\/colombianartesanies.com\/wp-content\/uploads\/2024\/04\/logonegro.png\",\"contentUrl\":\"https:\/\/colombianartesanies.com\/wp-content\/uploads\/2024\/04\/logonegro.png\",\"width\":170,\"height\":45,\"caption\":\"Colombian Artesanies\"},\"image\":{\"@id\":\"https:\/\/colombianartesanies.com\/#\/schema\/logo\/image\/\"},\"sameAs\":[\"https:\/\/www.facebook.com\/colombian.artesanies\"]}]}<\/script>\n<!-- \/ Yoast SEO plugin. -->","yoast_head_json":{"title":"WAYUU LARGE BAG ALL COLORS - Colombian Artesanies","description":"Embrace tradition and style with our Large Wayuu Bag, a symbol of Colombian heritage. Crafted by Indigenous women using traditional crochet methods.","robots":{"index":"index","follow":"follow","max-snippet":"max-snippet:-1","max-image-preview":"max-image-preview:large","max-video-preview":"max-video-preview:-1"},"canonical":"https:\/\/colombianartesanies.com\/es\/producto\/wayuu-large-bag-unicolor-stock\/","og_locale":"es_ES","og_type":"article","og_title":"WAYUU LARGE BAG ALL COLORS - Colombian Artesanies","og_description":"Embrace tradition and style with our Large Wayuu Bag, a symbol of Colombian heritage. Crafted by Indigenous women using traditional crochet methods.","og_url":"https:\/\/colombianartesanies.com\/es\/producto\/wayuu-large-bag-unicolor-stock\/","og_site_name":"Colombian Artesanies","article_publisher":"https:\/\/www.facebook.com\/colombian.artesanies","article_modified_time":"2025-07-06T22:28:24+00:00","og_image":[{"width":1024,"height":1024,"url":"https:\/\/colombianartesanies.com\/wp-content\/uploads\/2024\/09\/GORETT-Bolso-Wayuu-100-Artesanal-Original-de-Colombia-Mochila-100-Artesanal-estilo-Indio-Tradicional-fabricado-en.webp","type":"image\/webp"}],"twitter_card":"summary_large_image","twitter_misc":{"Tiempo de lectura":"2 minutos"},"schema":{"@context":"https:\/\/schema.org","@graph":[{"@type":"WebPage","@id":"https:\/\/colombianartesanies.com\/product\/wayuu-large-bag-unicolor-stock\/","url":"https:\/\/colombianartesanies.com\/product\/wayuu-large-bag-unicolor-stock\/","name":"WAYUU LARGE BAG ALL COLORS - Colombian Artesanies","isPartOf":{"@id":"https:\/\/colombianartesanies.com\/#website"},"primaryImageOfPage":{"@id":"https:\/\/colombianartesanies.com\/product\/wayuu-large-bag-unicolor-stock\/#primaryimage"},"image":{"@id":"https:\/\/colombianartesanies.com\/product\/wayuu-large-bag-unicolor-stock\/#primaryimage"},"thumbnailUrl":"https:\/\/colombianartesanies.com\/wp-content\/uploads\/2024\/09\/GORETT-Bolso-Wayuu-100-Artesanal-Original-de-Colombia-Mochila-100-Artesanal-estilo-Indio-Tradicional-fabricado-en.webp","datePublished":"2024-09-16T20:26:57+00:00","dateModified":"2025-07-06T22:28:24+00:00","description":"Embrace tradition and style with our Large Wayuu Bag, a symbol of Colombian heritage. Crafted by Indigenous women using traditional crochet methods.","breadcrumb":{"@id":"https:\/\/colombianartesanies.com\/product\/wayuu-large-bag-unicolor-stock\/#breadcrumb"},"inLanguage":"es","potentialAction":[{"@type":"ReadAction","target":["https:\/\/colombianartesanies.com\/product\/wayuu-large-bag-unicolor-stock\/"]}]},{"@type":"ImageObject","inLanguage":"es","@id":"https:\/\/colombianartesanies.com\/product\/wayuu-large-bag-unicolor-stock\/#primaryimage","url":"https:\/\/colombianartesanies.com\/wp-content\/uploads\/2024\/09\/GORETT-Bolso-Wayuu-100-Artesanal-Original-de-Colombia-Mochila-100-Artesanal-estilo-Indio-Tradicional-fabricado-en.webp","contentUrl":"https:\/\/colombianartesanies.com\/wp-content\/uploads\/2024\/09\/GORETT-Bolso-Wayuu-100-Artesanal-Original-de-Colombia-Mochila-100-Artesanal-estilo-Indio-Tradicional-fabricado-en.webp","width":1024,"height":1024,"caption":"Attachment Details GORETT-Bolso-Wayuu-100-Artesanal-Original-de-Colombia-Mochila-100-Artesanal-estilo-Indio-Tradicional"},{"@type":"BreadcrumbList","@id":"https:\/\/colombianartesanies.com\/product\/wayuu-large-bag-unicolor-stock\/#breadcrumb","itemListElement":[{"@type":"ListItem","position":1,"name":"Home","item":"https:\/\/colombianartesanies.com\/"},{"@type":"ListItem","position":2,"name":"Shop","item":"https:\/\/colombianartesanies.com\/shop\/"},{"@type":"ListItem","position":3,"name":"WAYUU LARGE BAG ALL COLORS"}]},{"@type":"WebSite","@id":"https:\/\/colombianartesanies.com\/#website","url":"https:\/\/colombianartesanies.com\/","name":"Colombian Artesanies","description":"Plant Shop Website","publisher":{"@id":"https:\/\/colombianartesanies.com\/#organization"},"potentialAction":[{"@type":"SearchAction","target":{"@type":"EntryPoint","urlTemplate":"https:\/\/colombianartesanies.com\/?s={search_term_string}"},"query-input":"required name=search_term_string"}],"inLanguage":"es"},{"@type":"Organization","@id":"https:\/\/colombianartesanies.com\/#organization","name":"Colombian Artesanies","url":"https:\/\/colombianartesanies.com\/","logo":{"@type":"ImageObject","inLanguage":"es","@id":"https:\/\/colombianartesanies.com\/#\/schema\/logo\/image\/","url":"https:\/\/colombianartesanies.com\/wp-content\/uploads\/2024\/04\/logonegro.png","contentUrl":"https:\/\/colombianartesanies.com\/wp-content\/uploads\/2024\/04\/logonegro.png","width":170,"height":45,"caption":"Colombian Artesanies"},"image":{"@id":"https:\/\/colombianartesanies.com\/#\/schema\/logo\/image\/"},"sameAs":["https:\/\/www.facebook.com\/colombian.artesanies"]}]}},"jetpack_sharing_enabled":true,"uagb_featured_image_src":{"full":["https:\/\/colombianartesanies.com\/wp-content\/uploads\/2024\/09\/GORETT-Bolso-Wayuu-100-Artesanal-Original-de-Colombia-Mochila-100-Artesanal-estilo-Indio-Tradicional-fabricado-en.webp",1024,1024,false],"thumbnail":["https:\/\/colombianartesanies.com\/wp-content\/uploads\/2024\/09\/GORETT-Bolso-Wayuu-100-Artesanal-Original-de-Colombia-Mochila-100-Artesanal-estilo-Indio-Tradicional-fabricado-en-150x150.webp",150,150,true],"medium":["https:\/\/colombianartesanies.com\/wp-content\/uploads\/2024\/09\/GORETT-Bolso-Wayuu-100-Artesanal-Original-de-Colombia-Mochila-100-Artesanal-estilo-Indio-Tradicional-fabricado-en-300x300.webp",300,300,true],"medium_large":["https:\/\/colombianartesanies.com\/wp-content\/uploads\/2024\/09\/GORETT-Bolso-Wayuu-100-Artesanal-Original-de-Colombia-Mochila-100-Artesanal-estilo-Indio-Tradicional-fabricado-en-768x768.webp",768,768,true],"large":["https:\/\/colombianartesanies.com\/wp-content\/uploads\/2024\/09\/GORETT-Bolso-Wayuu-100-Artesanal-Original-de-Colombia-Mochila-100-Artesanal-estilo-Indio-Tradicional-fabricado-en.webp",1024,1024,false],"1536x1536":["https:\/\/colombianartesanies.com\/wp-content\/uploads\/2024\/09\/GORETT-Bolso-Wayuu-100-Artesanal-Original-de-Colombia-Mochila-100-Artesanal-estilo-Indio-Tradicional-fabricado-en.webp",1024,1024,false],"2048x2048":["https:\/\/colombianartesanies.com\/wp-content\/uploads\/2024\/09\/GORETT-Bolso-Wayuu-100-Artesanal-Original-de-Colombia-Mochila-100-Artesanal-estilo-Indio-Tradicional-fabricado-en.webp",1024,1024,false],"trp-custom-language-flag":["https:\/\/colombianartesanies.com\/wp-content\/uploads\/2024\/09\/GORETT-Bolso-Wayuu-100-Artesanal-Original-de-Colombia-Mochila-100-Artesanal-estilo-Indio-Tradicional-fabricado-en-12x12.webp",12,12,true],"mailpoet_newsletter_max":["https:\/\/colombianartesanies.com\/wp-content\/uploads\/2024\/09\/GORETT-Bolso-Wayuu-100-Artesanal-Original-de-Colombia-Mochila-100-Artesanal-estilo-Indio-Tradicional-fabricado-en.webp",1024,1024,false],"woocommerce_thumbnail":["https:\/\/colombianartesanies.com\/wp-content\/uploads\/2024\/09\/GORETT-Bolso-Wayuu-100-Artesanal-Original-de-Colombia-Mochila-100-Artesanal-estilo-Indio-Tradicional-fabricado-en-300x300.webp",300,300,true],"woocommerce_single":["https:\/\/colombianartesanies.com\/wp-content\/uploads\/2024\/09\/GORETT-Bolso-Wayuu-100-Artesanal-Original-de-Colombia-Mochila-100-Artesanal-estilo-Indio-Tradicional-fabricado-en-600x600.webp",600,600,true],"woocommerce_gallery_thumbnail":["https:\/\/colombianartesanies.com\/wp-content\/uploads\/2024\/09\/GORETT-Bolso-Wayuu-100-Artesanal-Original-de-Colombia-Mochila-100-Artesanal-estilo-Indio-Tradicional-fabricado-en-100x100.webp",100,100,true]},"uagb_author_info":{"display_name":"colartesanies","author_link":"https:\/\/colombianartesanies.com\/es\/author\/"},"uagb_comment_info":0,"uagb_excerpt":"Discover Your Perfect Color: Choose directly from our extensive stock! Simply visit our Google Drive album using the link below and note the reference number of your favorite bag in the notes field at the time of purchase. Google drive stock album Questions? Contact us via WhatsApp for immediate assistance.","_links":{"self":[{"href":"https:\/\/colombianartesanies.com\/es\/wp-json\/wp\/v2\/product\/2004","targetHints":{"allow":["GET"]}}],"collection":[{"href":"https:\/\/colombianartesanies.com\/es\/wp-json\/wp\/v2\/product"}],"about":[{"href":"https:\/\/colombianartesanies.com\/es\/wp-json\/wp\/v2\/types\/product"}],"replies":[{"embeddable":true,"href":"https:\/\/colombianartesanies.com\/es\/wp-json\/wp\/v2\/comments?post=2004"}],"version-history":[{"count":1,"href":"https:\/\/colombianartesanies.com\/es\/wp-json\/wp\/v2\/product\/2004\/revisions"}],"predecessor-version":[{"id":2394,"href":"https:\/\/colombianartesanies.com\/es\/wp-json\/wp\/v2\/product\/2004\/revisions\/2394"}],"wp:featuredmedia":[{"embeddable":true,"href":"https:\/\/colombianartesanies.com\/es\/wp-json\/wp\/v2\/media\/1989"}],"wp:attachment":[{"href":"https:\/\/colombianartesanies.com\/es\/wp-json\/wp\/v2\/media?parent=2004"}],"wp:term":[{"taxonomy":"product_brand","embeddable":true,"href":"https:\/\/colombianartesanies.com\/es\/wp-json\/wp\/v2\/product_brand?post=2004"},{"taxonomy":"product_cat","embeddable":true,"href":"https:\/\/colombianartesanies.com\/es\/wp-json\/wp\/v2\/product_cat?post=2004"},{"taxonomy":"product_tag","embeddable":true,"href":"https:\/\/colombianartesanies.com\/es\/wp-json\/wp\/v2\/product_tag?post=2004"}],"curies":[{"name":"wp","href":"https:\/\/api.w.org\/{rel}","templated":true}]}}