{"id":2033,"date":"2024-09-17T13:49:36","date_gmt":"2024-09-17T13:49:36","guid":{"rendered":"https:\/\/colombianartesanies.com\/?post_type=product&#038;p=2033"},"modified":"2025-07-06T22:28:24","modified_gmt":"2025-07-06T22:28:24","slug":"wayuu-clutch-bag-goldfish","status":"publish","type":"product","link":"https:\/\/colombianartesanies.com\/es\/producto\/wayuu-clutch-bag-goldfish\/","title":{"rendered":"BOLSO DE MANO WAYUU GOLDFISH"},"content":{"rendered":"<p>El bolso clutch Wayuu Goldfish. El favorito de nuestros clientes. Este impresionante clutch hecho a mano no es tan grande como una mochila, pero es lo suficientemente espacioso para llevar tus esenciales en una salida nocturna o un almuerzo con amigos. Cada uno es \u00fanico, con dise\u00f1os singulares y colores hermosos. Est\u00e1n elaborados con la t\u00e9cnica de punch needle y representan una visi\u00f3n del mundo desde la perspectiva de la cultura Wayuu.<\/p>\n<ul>\n<li>Hecho a mano por el pueblo ind\u00edgena Wayuu en Colombia.<\/li>\n<li>Dise\u00f1os y patrones \u00fanicos y coloridos.<\/li>\n<li>Fabricado con materiales de alta calidad y duraderos.<\/li>\n<li>Producido de manera \u00e9tica y sostenible.<\/li>\n<li>El proceso de elaboraci\u00f3n de un clutch puede tardar hasta 1 semana.<\/li>\n<\/ul>\n<p>El bolso clutch Wayuu se elabora utilizando una t\u00e9cnica de tejido \u00fanica conocida como \u201cuna hebra\u201d. Este m\u00e9todo permite crear dise\u00f1os m\u00e1s intrincados y requiere aproximadamente el doble de tiempo para completarse en comparaci\u00f3n con la t\u00e9cnica tradicional de \u201cdoble puntada\u201d.<\/p>\n<p>Medidas:<br \/>\nLargo: 25 (+-2) cm \/ 9.8\u2033<br \/>\nAncho: 16 (+-2) cm \/ 6.2\u2033<\/p>","protected":false},"excerpt":{"rendered":"<p>Bolso tipo clutch Wayuu hecho a mano con dise\u00f1os \u00fanicos y vibrantes. Producido \u00e9ticamente en Colombia, elaborado con una t\u00e9cnica de tejido especial conocida como <em>\"una hebra\".<\/em> Materiales duraderos y de alta calidad. Tama\u00f1o perfecto para llevar lo esencial en una salida nocturna o un almuerzo con amigos. Cada pieza es \u00fanica.<\/p>","protected":false},"featured_media":2034,"comment_status":"open","ping_status":"closed","template":"","meta":{"_uag_custom_page_level_css":"","site-sidebar-layout":"default","site-content-layout":"","ast-site-content-layout":"default","site-content-style":"default","site-sidebar-style":"default","ast-global-header-display":"","ast-banner-title-visibility":"","ast-main-header-display":"","ast-hfb-above-header-display":"","ast-hfb-below-header-display":"","ast-hfb-mobile-header-display":"","site-post-title":"","ast-breadcrumbs-content":"","ast-featured-img":"","footer-sml-layout":"","ast-disable-related-posts":"","theme-transparent-header-meta":"default","adv-header-id-meta":"","stick-header-meta":"","header-above-stick-meta":"","header-main-stick-meta":"","header-below-stick-meta":"","astra-migrate-meta-layouts":"set","ast-page-background-enabled":"default","ast-page-background-meta":{"desktop":{"background-color":"var(--ast-global-color-5)","background-image":"","background-repeat":"repeat","background-position":"center center","background-size":"auto","background-attachment":"scroll","background-type":"","background-media":"","overlay-type":"","overlay-color":"","overlay-opacity":"","overlay-gradient":""},"tablet":{"background-color":"","background-image":"","background-repeat":"repeat","background-position":"center center","background-size":"auto","background-attachment":"scroll","background-type":"","background-media":"","overlay-type":"","overlay-color":"","overlay-opacity":"","overlay-gradient":""},"mobile":{"background-color":"","background-image":"","background-repeat":"repeat","background-position":"center center","background-size":"auto","background-attachment":"scroll","background-type":"","background-media":"","overlay-type":"","overlay-color":"","overlay-opacity":"","overlay-gradient":""}},"ast-content-background-meta":{"desktop":{"background-color":"var(--ast-global-color-4)","background-image":"","background-repeat":"repeat","background-position":"center center","background-size":"auto","background-attachment":"scroll","background-type":"","background-media":"","overlay-type":"","overlay-color":"","overlay-opacity":"","overlay-gradient":""},"tablet":{"background-color":"var(--ast-global-color-4)","background-image":"","background-repeat":"repeat","background-position":"center center","background-size":"auto","background-attachment":"scroll","background-type":"","background-media":"","overlay-type":"","overlay-color":"","overlay-opacity":"","overlay-gradient":""},"mobile":{"background-color":"var(--ast-global-color-4)","background-image":"","background-repeat":"repeat","background-position":"center center","background-size":"auto","background-attachment":"scroll","background-type":"","background-media":"","overlay-type":"","overlay-color":"","overlay-opacity":"","overlay-gradient":""}}},"product_brand":[],"product_cat":[53],"product_tag":[],"class_list":{"0":"post-2033","1":"product","2":"type-product","3":"status-publish","4":"has-post-thumbnail","6":"product_cat-clutches","7":"product_shipping_class-small","8":"desktop-align-left","9":"tablet-align-left","10":"mobile-align-left","11":"ast-product-gallery-layout-horizontal-slider","12":"ast-product-tabs-layout-horizontal","14":"first","15":"instock","16":"shipping-taxable","17":"purchasable","18":"product-type-simple"},"yoast_head":"<!-- This site is optimized with the Yoast SEO plugin v23.2 - https:\/\/yoast.com\/wordpress\/plugins\/seo\/ -->\n<title>WAYUU CLUTCH BAG GOLDFISH - Colombian Artesanies<\/title>\n<meta name=\"description\" content=\"The Wayuu Clutch bag. A customer&#039;s favorite. This stunning handmade clutch, it is roomy enough to carry your essentials on a night out or for lunch.\" \/>\n<meta name=\"robots\" content=\"index, follow, max-snippet:-1, max-image-preview:large, max-video-preview:-1\" \/>\n<link rel=\"canonical\" href=\"https:\/\/colombianartesanies.com\/es\/producto\/wayuu-clutch-bag-goldfish\/\" \/>\n<meta property=\"og:locale\" content=\"es_ES\" \/>\n<meta property=\"og:type\" content=\"article\" \/>\n<meta property=\"og:title\" content=\"WAYUU CLUTCH BAG GOLDFISH - Colombian Artesanies\" \/>\n<meta property=\"og:description\" content=\"The Wayuu Clutch bag. A customer&#039;s favorite. This stunning handmade clutch, it is roomy enough to carry your essentials on a night out or for lunch.\" \/>\n<meta property=\"og:url\" content=\"https:\/\/colombianartesanies.com\/es\/producto\/wayuu-clutch-bag-goldfish\/\" \/>\n<meta property=\"og:site_name\" content=\"Colombian Artesanies\" \/>\n<meta property=\"article:publisher\" content=\"https:\/\/www.facebook.com\/colombian.artesanies\" \/>\n<meta property=\"article:modified_time\" content=\"2025-07-06T22:28:24+00:00\" \/>\n<meta property=\"og:image\" content=\"https:\/\/colombianartesanies.com\/wp-content\/uploads\/2024\/09\/ss22_lookbook_pantano_12.jpg\" \/>\n\t<meta property=\"og:image:width\" content=\"1013\" \/>\n\t<meta property=\"og:image:height\" content=\"1199\" \/>\n\t<meta property=\"og:image:type\" content=\"image\/jpeg\" \/>\n<meta name=\"twitter:card\" content=\"summary_large_image\" \/>\n<meta name=\"twitter:label1\" content=\"Tiempo de lectura\" \/>\n\t<meta name=\"twitter:data1\" content=\"1 minuto\" \/>\n<script type=\"application\/ld+json\" class=\"yoast-schema-graph\">{\"@context\":\"https:\/\/schema.org\",\"@graph\":[{\"@type\":\"WebPage\",\"@id\":\"https:\/\/colombianartesanies.com\/product\/wayuu-clutch-bag-goldfish\/\",\"url\":\"https:\/\/colombianartesanies.com\/product\/wayuu-clutch-bag-goldfish\/\",\"name\":\"WAYUU CLUTCH BAG GOLDFISH - Colombian Artesanies\",\"isPartOf\":{\"@id\":\"https:\/\/colombianartesanies.com\/#website\"},\"primaryImageOfPage\":{\"@id\":\"https:\/\/colombianartesanies.com\/product\/wayuu-clutch-bag-goldfish\/#primaryimage\"},\"image\":{\"@id\":\"https:\/\/colombianartesanies.com\/product\/wayuu-clutch-bag-goldfish\/#primaryimage\"},\"thumbnailUrl\":\"https:\/\/colombianartesanies.com\/wp-content\/uploads\/2024\/09\/ss22_lookbook_pantano_12.jpg\",\"datePublished\":\"2024-09-17T13:49:36+00:00\",\"dateModified\":\"2025-07-06T22:28:24+00:00\",\"description\":\"The Wayuu Clutch bag. A customer's favorite. This stunning handmade clutch, it is roomy enough to carry your essentials on a night out or for lunch.\",\"breadcrumb\":{\"@id\":\"https:\/\/colombianartesanies.com\/product\/wayuu-clutch-bag-goldfish\/#breadcrumb\"},\"inLanguage\":\"es\",\"potentialAction\":[{\"@type\":\"ReadAction\",\"target\":[\"https:\/\/colombianartesanies.com\/product\/wayuu-clutch-bag-goldfish\/\"]}]},{\"@type\":\"ImageObject\",\"inLanguage\":\"es\",\"@id\":\"https:\/\/colombianartesanies.com\/product\/wayuu-clutch-bag-goldfish\/#primaryimage\",\"url\":\"https:\/\/colombianartesanies.com\/wp-content\/uploads\/2024\/09\/ss22_lookbook_pantano_12.jpg\",\"contentUrl\":\"https:\/\/colombianartesanies.com\/wp-content\/uploads\/2024\/09\/ss22_lookbook_pantano_12.jpg\",\"width\":1013,\"height\":1199,\"caption\":\"Woman using a wayuu clutch bag with goldfish design\"},{\"@type\":\"BreadcrumbList\",\"@id\":\"https:\/\/colombianartesanies.com\/product\/wayuu-clutch-bag-goldfish\/#breadcrumb\",\"itemListElement\":[{\"@type\":\"ListItem\",\"position\":1,\"name\":\"Home\",\"item\":\"https:\/\/colombianartesanies.com\/\"},{\"@type\":\"ListItem\",\"position\":2,\"name\":\"Shop\",\"item\":\"https:\/\/colombianartesanies.com\/shop\/\"},{\"@type\":\"ListItem\",\"position\":3,\"name\":\"WAYUU CLUTCH BAG GOLDFISH\"}]},{\"@type\":\"WebSite\",\"@id\":\"https:\/\/colombianartesanies.com\/#website\",\"url\":\"https:\/\/colombianartesanies.com\/\",\"name\":\"Colombian Artesanies\",\"description\":\"Plant Shop Website\",\"publisher\":{\"@id\":\"https:\/\/colombianartesanies.com\/#organization\"},\"potentialAction\":[{\"@type\":\"SearchAction\",\"target\":{\"@type\":\"EntryPoint\",\"urlTemplate\":\"https:\/\/colombianartesanies.com\/?s={search_term_string}\"},\"query-input\":\"required name=search_term_string\"}],\"inLanguage\":\"es\"},{\"@type\":\"Organization\",\"@id\":\"https:\/\/colombianartesanies.com\/#organization\",\"name\":\"Colombian Artesanies\",\"url\":\"https:\/\/colombianartesanies.com\/\",\"logo\":{\"@type\":\"ImageObject\",\"inLanguage\":\"es\",\"@id\":\"https:\/\/colombianartesanies.com\/#\/schema\/logo\/image\/\",\"url\":\"https:\/\/colombianartesanies.com\/wp-content\/uploads\/2024\/04\/logonegro.png\",\"contentUrl\":\"https:\/\/colombianartesanies.com\/wp-content\/uploads\/2024\/04\/logonegro.png\",\"width\":170,\"height\":45,\"caption\":\"Colombian Artesanies\"},\"image\":{\"@id\":\"https:\/\/colombianartesanies.com\/#\/schema\/logo\/image\/\"},\"sameAs\":[\"https:\/\/www.facebook.com\/colombian.artesanies\"]}]}<\/script>\n<!-- \/ Yoast SEO plugin. -->","yoast_head_json":{"title":"WAYUU CLUTCH BAG GOLDFISH - Colombian Artesanies","description":"The Wayuu Clutch bag. A customer's favorite. This stunning handmade clutch, it is roomy enough to carry your essentials on a night out or for lunch.","robots":{"index":"index","follow":"follow","max-snippet":"max-snippet:-1","max-image-preview":"max-image-preview:large","max-video-preview":"max-video-preview:-1"},"canonical":"https:\/\/colombianartesanies.com\/es\/producto\/wayuu-clutch-bag-goldfish\/","og_locale":"es_ES","og_type":"article","og_title":"WAYUU CLUTCH BAG GOLDFISH - Colombian Artesanies","og_description":"The Wayuu Clutch bag. A customer's favorite. This stunning handmade clutch, it is roomy enough to carry your essentials on a night out or for lunch.","og_url":"https:\/\/colombianartesanies.com\/es\/producto\/wayuu-clutch-bag-goldfish\/","og_site_name":"Colombian Artesanies","article_publisher":"https:\/\/www.facebook.com\/colombian.artesanies","article_modified_time":"2025-07-06T22:28:24+00:00","og_image":[{"width":1013,"height":1199,"url":"https:\/\/colombianartesanies.com\/wp-content\/uploads\/2024\/09\/ss22_lookbook_pantano_12.jpg","type":"image\/jpeg"}],"twitter_card":"summary_large_image","twitter_misc":{"Tiempo de lectura":"1 minuto"},"schema":{"@context":"https:\/\/schema.org","@graph":[{"@type":"WebPage","@id":"https:\/\/colombianartesanies.com\/product\/wayuu-clutch-bag-goldfish\/","url":"https:\/\/colombianartesanies.com\/product\/wayuu-clutch-bag-goldfish\/","name":"WAYUU CLUTCH BAG GOLDFISH - Colombian Artesanies","isPartOf":{"@id":"https:\/\/colombianartesanies.com\/#website"},"primaryImageOfPage":{"@id":"https:\/\/colombianartesanies.com\/product\/wayuu-clutch-bag-goldfish\/#primaryimage"},"image":{"@id":"https:\/\/colombianartesanies.com\/product\/wayuu-clutch-bag-goldfish\/#primaryimage"},"thumbnailUrl":"https:\/\/colombianartesanies.com\/wp-content\/uploads\/2024\/09\/ss22_lookbook_pantano_12.jpg","datePublished":"2024-09-17T13:49:36+00:00","dateModified":"2025-07-06T22:28:24+00:00","description":"The Wayuu Clutch bag. A customer's favorite. This stunning handmade clutch, it is roomy enough to carry your essentials on a night out or for lunch.","breadcrumb":{"@id":"https:\/\/colombianartesanies.com\/product\/wayuu-clutch-bag-goldfish\/#breadcrumb"},"inLanguage":"es","potentialAction":[{"@type":"ReadAction","target":["https:\/\/colombianartesanies.com\/product\/wayuu-clutch-bag-goldfish\/"]}]},{"@type":"ImageObject","inLanguage":"es","@id":"https:\/\/colombianartesanies.com\/product\/wayuu-clutch-bag-goldfish\/#primaryimage","url":"https:\/\/colombianartesanies.com\/wp-content\/uploads\/2024\/09\/ss22_lookbook_pantano_12.jpg","contentUrl":"https:\/\/colombianartesanies.com\/wp-content\/uploads\/2024\/09\/ss22_lookbook_pantano_12.jpg","width":1013,"height":1199,"caption":"Woman using a wayuu clutch bag with goldfish design"},{"@type":"BreadcrumbList","@id":"https:\/\/colombianartesanies.com\/product\/wayuu-clutch-bag-goldfish\/#breadcrumb","itemListElement":[{"@type":"ListItem","position":1,"name":"Home","item":"https:\/\/colombianartesanies.com\/"},{"@type":"ListItem","position":2,"name":"Shop","item":"https:\/\/colombianartesanies.com\/shop\/"},{"@type":"ListItem","position":3,"name":"WAYUU CLUTCH BAG GOLDFISH"}]},{"@type":"WebSite","@id":"https:\/\/colombianartesanies.com\/#website","url":"https:\/\/colombianartesanies.com\/","name":"Colombian Artesanies","description":"Plant Shop Website","publisher":{"@id":"https:\/\/colombianartesanies.com\/#organization"},"potentialAction":[{"@type":"SearchAction","target":{"@type":"EntryPoint","urlTemplate":"https:\/\/colombianartesanies.com\/?s={search_term_string}"},"query-input":"required name=search_term_string"}],"inLanguage":"es"},{"@type":"Organization","@id":"https:\/\/colombianartesanies.com\/#organization","name":"Colombian Artesanies","url":"https:\/\/colombianartesanies.com\/","logo":{"@type":"ImageObject","inLanguage":"es","@id":"https:\/\/colombianartesanies.com\/#\/schema\/logo\/image\/","url":"https:\/\/colombianartesanies.com\/wp-content\/uploads\/2024\/04\/logonegro.png","contentUrl":"https:\/\/colombianartesanies.com\/wp-content\/uploads\/2024\/04\/logonegro.png","width":170,"height":45,"caption":"Colombian Artesanies"},"image":{"@id":"https:\/\/colombianartesanies.com\/#\/schema\/logo\/image\/"},"sameAs":["https:\/\/www.facebook.com\/colombian.artesanies"]}]}},"jetpack_sharing_enabled":true,"uagb_featured_image_src":{"full":["https:\/\/colombianartesanies.com\/wp-content\/uploads\/2024\/09\/ss22_lookbook_pantano_12.jpg",1013,1199,false],"thumbnail":["https:\/\/colombianartesanies.com\/wp-content\/uploads\/2024\/09\/ss22_lookbook_pantano_12-150x150.jpg",150,150,true],"medium":["https:\/\/colombianartesanies.com\/wp-content\/uploads\/2024\/09\/ss22_lookbook_pantano_12-253x300.jpg",253,300,true],"medium_large":["https:\/\/colombianartesanies.com\/wp-content\/uploads\/2024\/09\/ss22_lookbook_pantano_12-768x909.jpg",768,909,true],"large":["https:\/\/colombianartesanies.com\/wp-content\/uploads\/2024\/09\/ss22_lookbook_pantano_12-865x1024.jpg",865,1024,true],"1536x1536":["https:\/\/colombianartesanies.com\/wp-content\/uploads\/2024\/09\/ss22_lookbook_pantano_12.jpg",1013,1199,false],"2048x2048":["https:\/\/colombianartesanies.com\/wp-content\/uploads\/2024\/09\/ss22_lookbook_pantano_12.jpg",1013,1199,false],"trp-custom-language-flag":["https:\/\/colombianartesanies.com\/wp-content\/uploads\/2024\/09\/ss22_lookbook_pantano_12-10x12.jpg",10,12,true],"mailpoet_newsletter_max":["https:\/\/colombianartesanies.com\/wp-content\/uploads\/2024\/09\/ss22_lookbook_pantano_12.jpg",1013,1199,false],"woocommerce_thumbnail":["https:\/\/colombianartesanies.com\/wp-content\/uploads\/2024\/09\/ss22_lookbook_pantano_12-300x300.jpg",300,300,true],"woocommerce_single":["https:\/\/colombianartesanies.com\/wp-content\/uploads\/2024\/09\/ss22_lookbook_pantano_12-600x710.jpg",600,710,true],"woocommerce_gallery_thumbnail":["https:\/\/colombianartesanies.com\/wp-content\/uploads\/2024\/09\/ss22_lookbook_pantano_12-100x100.jpg",100,100,true]},"uagb_author_info":{"display_name":"colartesanies","author_link":"https:\/\/colombianartesanies.com\/es\/author\/"},"uagb_comment_info":0,"uagb_excerpt":"Handmade Wayuu clutch bag with unique, vibrant designs. Ethically produced in Colombia crafted using a unique weaving technique known as \"single thread\" or una hebra in Spanish. Durable, high-quality materials. Perfect size for essentials on a night out or lunch with friends. Each piece is one of a kind.","_links":{"self":[{"href":"https:\/\/colombianartesanies.com\/es\/wp-json\/wp\/v2\/product\/2033","targetHints":{"allow":["GET"]}}],"collection":[{"href":"https:\/\/colombianartesanies.com\/es\/wp-json\/wp\/v2\/product"}],"about":[{"href":"https:\/\/colombianartesanies.com\/es\/wp-json\/wp\/v2\/types\/product"}],"replies":[{"embeddable":true,"href":"https:\/\/colombianartesanies.com\/es\/wp-json\/wp\/v2\/comments?post=2033"}],"version-history":[{"count":1,"href":"https:\/\/colombianartesanies.com\/es\/wp-json\/wp\/v2\/product\/2033\/revisions"}],"predecessor-version":[{"id":2389,"href":"https:\/\/colombianartesanies.com\/es\/wp-json\/wp\/v2\/product\/2033\/revisions\/2389"}],"wp:featuredmedia":[{"embeddable":true,"href":"https:\/\/colombianartesanies.com\/es\/wp-json\/wp\/v2\/media\/2034"}],"wp:attachment":[{"href":"https:\/\/colombianartesanies.com\/es\/wp-json\/wp\/v2\/media?parent=2033"}],"wp:term":[{"taxonomy":"product_brand","embeddable":true,"href":"https:\/\/colombianartesanies.com\/es\/wp-json\/wp\/v2\/product_brand?post=2033"},{"taxonomy":"product_cat","embeddable":true,"href":"https:\/\/colombianartesanies.com\/es\/wp-json\/wp\/v2\/product_cat?post=2033"},{"taxonomy":"product_tag","embeddable":true,"href":"https:\/\/colombianartesanies.com\/es\/wp-json\/wp\/v2\/product_tag?post=2033"}],"curies":[{"name":"wp","href":"https:\/\/api.w.org\/{rel}","templated":true}]}}